{"id":1492,"date":"2025-06-19T08:47:18","date_gmt":"2025-06-19T08:47:18","guid":{"rendered":"https:\/\/test.genexpress.sk\/?page_id=1492"},"modified":"2026-04-21T07:43:46","modified_gmt":"2026-04-21T07:43:46","slug":"poruchy-metabolizmu","status":"publish","type":"page","link":"https:\/\/www.genexpress.sk\/eshop\/poruchy-metabolizmu\/","title":{"rendered":"Poruchy metabolizmu"},"content":{"rendered":"\t\t<div data-elementor-type=\"wp-page\" data-elementor-id=\"1492\" class=\"elementor elementor-1492\" data-elementor-post-type=\"page\">\n\t\t\t\t<div class=\"elementor-element elementor-element-5a28616 e-flex e-con-boxed e-con e-parent\" data-id=\"5a28616\" data-element_type=\"container\">\n\t\t\t\t\t<div class=\"e-con-inner\">\n\t\t<div class=\"elementor-element elementor-element-fe6169f e-con-full e-flex e-con e-child\" data-id=\"fe6169f\" data-element_type=\"container\">\n\t\t\t\t<div class=\"elementor-element elementor-element-60d0878 elementor-widget elementor-widget-text-editor\" data-id=\"60d0878\" data-element_type=\"widget\" data-widget_type=\"text-editor.default\">\n\t\t\t\t<div class=\"elementor-widget-container\">\n\t\t\t\t\t\t\t\t\t<h5 style=\"text-align: left;\"><span style=\"text-decoration: underline;\"><strong>DNA testy \/ Metabolick\u00e9 ochorenia<\/strong><\/span><\/h5>\t\t\t\t\t\t\t\t<\/div>\n\t\t\t\t<\/div>\n\t\t\t\t<\/div>\n\t\t<div class=\"elementor-element elementor-element-31a73f5 e-con-full e-flex e-con e-child\" data-id=\"31a73f5\" data-element_type=\"container\" data-settings=\"{&quot;background_background&quot;:&quot;classic&quot;}\">\n\t\t\t\t<div class=\"elementor-element elementor-element-35922cc elementor-nav-menu--dropdown-tablet elementor-nav-menu__text-align-aside elementor-nav-menu--toggle elementor-nav-menu--burger elementor-widget elementor-widget-nav-menu\" data-id=\"35922cc\" data-element_type=\"widget\" data-settings=\"{&quot;layout&quot;:&quot;vertical&quot;,&quot;submenu_icon&quot;:{&quot;value&quot;:&quot;&lt;i aria-hidden=\\&quot;true\\&quot; class=\\&quot;\\&quot;&gt;&lt;\\\/i&gt;&quot;,&quot;library&quot;:&quot;&quot;},&quot;toggle&quot;:&quot;burger&quot;}\" data-widget_type=\"nav-menu.default\">\n\t\t\t\t<div class=\"elementor-widget-container\">\n\t\t\t\t\t\t\t\t<nav aria-label=\"Menu\" class=\"elementor-nav-menu--main elementor-nav-menu__container elementor-nav-menu--layout-vertical e--pointer-framed e--animation-fade\">\n\t\t\t\t<ul id=\"menu-1-35922cc\" class=\"elementor-nav-menu sm-vertical\"><li class=\"menu-item menu-item-type-post_type menu-item-object-page menu-item-1428\"><a href=\"https:\/\/www.genexpress.sk\/eshop\/onkologicke-vysetrenia\/\" class=\"elementor-item\">Onkologick\u00e9 vy\u0161etrenia<\/a><\/li>\n<li class=\"menu-item menu-item-type-post_type menu-item-object-page menu-item-1469\"><a href=\"https:\/\/www.genexpress.sk\/eshop\/planovanie-rodicovstva-a-neplodnost\/\" class=\"elementor-item\">Pl\u00e1novanie rodi\u010dovstva a neplodnos\u0165<\/a><\/li>\n<li class=\"menu-item menu-item-type-post_type menu-item-object-page menu-item-2503\"><a href=\"https:\/\/www.genexpress.sk\/eshop\/zdravie-srdca-ciev-a-mozgu\/\" class=\"elementor-item\">Zdravie srdca, ciev a mozgu<\/a><\/li>\n<li class=\"menu-item menu-item-type-post_type menu-item-object-page menu-item-2528\"><a href=\"https:\/\/www.genexpress.sk\/eshop\/neurodegenerativne-ochorenia\/\" class=\"elementor-item\">Neurodegenerat\u00edvne ochorenia<\/a><\/li>\n<li class=\"menu-item menu-item-type-post_type menu-item-object-page menu-item-1546\"><a href=\"https:\/\/www.genexpress.sk\/eshop\/hematologicke-ochorenia\/\" class=\"elementor-item\">Hematologick\u00e9 ochorenia<\/a><\/li>\n<li class=\"menu-item menu-item-type-post_type menu-item-object-page menu-item-1515\"><a href=\"https:\/\/www.genexpress.sk\/eshop\/poruchy-metabolizmu\/\" class=\"elementor-item\">Metabolick\u00e9 ochorenia<\/a><\/li>\n<li class=\"menu-item menu-item-type-post_type menu-item-object-page menu-item-1476\"><a href=\"https:\/\/www.genexpress.sk\/eshop\/ochorenie-sluchu\/\" class=\"elementor-item\">Ochorenia sluchu<\/a><\/li>\n<li class=\"menu-item menu-item-type-post_type menu-item-object-page menu-item-2519\"><a href=\"https:\/\/www.genexpress.sk\/eshop\/kozne-ochorenia\/\" class=\"elementor-item\">Ko\u017en\u00e9 ochorenia<\/a><\/li>\n<li class=\"menu-item menu-item-type-post_type menu-item-object-page menu-item-1490\"><a href=\"https:\/\/www.genexpress.sk\/eshop\/svalove-ochorenia\/\" class=\"elementor-item\">Svalov\u00e9 ochorenia<\/a><\/li>\n<li class=\"menu-item menu-item-type-post_type menu-item-object-page menu-item-1429\"><a href=\"https:\/\/www.genexpress.sk\/eshop\/potravinove-intolerancie-a-celiakia\/\" class=\"elementor-item\">Potravinov\u00e9 intolerancie a celiakia<\/a><\/li>\n<li class=\"menu-item menu-item-type-post_type menu-item-object-page menu-item-1445\"><a href=\"https:\/\/www.genexpress.sk\/eshop\/urcenie-otcovstva\/\" class=\"elementor-item\">Ur\u010denie otcovstva<\/a><\/li>\n<li class=\"menu-item menu-item-type-post_type menu-item-object-page menu-item-1558\"><a href=\"https:\/\/www.genexpress.sk\/eshop\/specialne-vysetrenia\/\" class=\"elementor-item\">\u0160peci\u00e1lne vy\u0161etrenia<\/a><\/li>\n<li class=\"menu-item menu-item-type-post_type menu-item-object-page menu-item-1575\"><a href=\"https:\/\/www.genexpress.sk\/eshop\/ine-zriedkave-ochorenie\/\" class=\"elementor-item\">In\u00e9 zriedkav\u00e9 ochorenia<\/a><\/li>\n<li class=\"menu-item menu-item-type-post_type menu-item-object-page menu-item-2941\"><a href=\"https:\/\/www.genexpress.sk\/eshop\/opakovany-odber-bs\/\" class=\"elementor-item\">Opakovan\u00fd odber (BS)<\/a><\/li>\n<\/ul>\t\t\t<\/nav>\n\t\t\t\t\t<div class=\"elementor-menu-toggle\" role=\"button\" tabindex=\"0\" aria-label=\"Menu Toggle\" aria-expanded=\"false\">\n\t\t\t<svg aria-hidden=\"true\" role=\"presentation\" class=\"elementor-menu-toggle__icon--open e-font-icon-svg e-far-plus-square\" viewBox=\"0 0 448 512\" xmlns=\"http:\/\/www.w3.org\/2000\/svg\"><path d=\"M352 240v32c0 6.6-5.4 12-12 12h-88v88c0 6.6-5.4 12-12 12h-32c-6.6 0-12-5.4-12-12v-88h-88c-6.6 0-12-5.4-12-12v-32c0-6.6 5.4-12 12-12h88v-88c0-6.6 5.4-12 12-12h32c6.6 0 12 5.4 12 12v88h88c6.6 0 12 5.4 12 12zm96-160v352c0 26.5-21.5 48-48 48H48c-26.5 0-48-21.5-48-48V80c0-26.5 21.5-48 48-48h352c26.5 0 48 21.5 48 48zm-48 346V86c0-3.3-2.7-6-6-6H54c-3.3 0-6 2.7-6 6v340c0 3.3 2.7 6 6 6h340c3.3 0 6-2.7 6-6z\"><\/path><\/svg><svg aria-hidden=\"true\" role=\"presentation\" class=\"elementor-menu-toggle__icon--close e-font-icon-svg e-eicon-close\" viewBox=\"0 0 1000 1000\" xmlns=\"http:\/\/www.w3.org\/2000\/svg\"><path d=\"M742 167L500 408 258 167C246 154 233 150 217 150 196 150 179 158 167 167 154 179 150 196 150 212 150 229 154 242 171 254L408 500 167 742C138 771 138 800 167 829 196 858 225 858 254 829L496 587 738 829C750 842 767 846 783 846 800 846 817 842 829 829 842 817 846 804 846 783 846 767 842 750 829 737L588 500 833 258C863 229 863 200 833 171 804 137 775 137 742 167Z\"><\/path><\/svg>\t\t<\/div>\n\t\t\t\t\t<nav class=\"elementor-nav-menu--dropdown elementor-nav-menu__container\" aria-hidden=\"true\">\n\t\t\t\t<ul id=\"menu-2-35922cc\" class=\"elementor-nav-menu sm-vertical\"><li class=\"menu-item menu-item-type-post_type menu-item-object-page menu-item-1428\"><a href=\"https:\/\/www.genexpress.sk\/eshop\/onkologicke-vysetrenia\/\" class=\"elementor-item\" tabindex=\"-1\">Onkologick\u00e9 vy\u0161etrenia<\/a><\/li>\n<li class=\"menu-item menu-item-type-post_type menu-item-object-page menu-item-1469\"><a href=\"https:\/\/www.genexpress.sk\/eshop\/planovanie-rodicovstva-a-neplodnost\/\" class=\"elementor-item\" tabindex=\"-1\">Pl\u00e1novanie rodi\u010dovstva a neplodnos\u0165<\/a><\/li>\n<li class=\"menu-item menu-item-type-post_type menu-item-object-page menu-item-2503\"><a href=\"https:\/\/www.genexpress.sk\/eshop\/zdravie-srdca-ciev-a-mozgu\/\" class=\"elementor-item\" tabindex=\"-1\">Zdravie srdca, ciev a mozgu<\/a><\/li>\n<li class=\"menu-item menu-item-type-post_type menu-item-object-page menu-item-2528\"><a href=\"https:\/\/www.genexpress.sk\/eshop\/neurodegenerativne-ochorenia\/\" class=\"elementor-item\" tabindex=\"-1\">Neurodegenerat\u00edvne ochorenia<\/a><\/li>\n<li class=\"menu-item menu-item-type-post_type menu-item-object-page menu-item-1546\"><a href=\"https:\/\/www.genexpress.sk\/eshop\/hematologicke-ochorenia\/\" class=\"elementor-item\" tabindex=\"-1\">Hematologick\u00e9 ochorenia<\/a><\/li>\n<li class=\"menu-item menu-item-type-post_type menu-item-object-page menu-item-1515\"><a href=\"https:\/\/www.genexpress.sk\/eshop\/poruchy-metabolizmu\/\" class=\"elementor-item\" tabindex=\"-1\">Metabolick\u00e9 ochorenia<\/a><\/li>\n<li class=\"menu-item menu-item-type-post_type menu-item-object-page menu-item-1476\"><a href=\"https:\/\/www.genexpress.sk\/eshop\/ochorenie-sluchu\/\" class=\"elementor-item\" tabindex=\"-1\">Ochorenia sluchu<\/a><\/li>\n<li class=\"menu-item menu-item-type-post_type menu-item-object-page menu-item-2519\"><a href=\"https:\/\/www.genexpress.sk\/eshop\/kozne-ochorenia\/\" class=\"elementor-item\" tabindex=\"-1\">Ko\u017en\u00e9 ochorenia<\/a><\/li>\n<li class=\"menu-item menu-item-type-post_type menu-item-object-page menu-item-1490\"><a href=\"https:\/\/www.genexpress.sk\/eshop\/svalove-ochorenia\/\" class=\"elementor-item\" tabindex=\"-1\">Svalov\u00e9 ochorenia<\/a><\/li>\n<li class=\"menu-item menu-item-type-post_type menu-item-object-page menu-item-1429\"><a href=\"https:\/\/www.genexpress.sk\/eshop\/potravinove-intolerancie-a-celiakia\/\" class=\"elementor-item\" tabindex=\"-1\">Potravinov\u00e9 intolerancie a celiakia<\/a><\/li>\n<li class=\"menu-item menu-item-type-post_type menu-item-object-page menu-item-1445\"><a href=\"https:\/\/www.genexpress.sk\/eshop\/urcenie-otcovstva\/\" class=\"elementor-item\" tabindex=\"-1\">Ur\u010denie otcovstva<\/a><\/li>\n<li class=\"menu-item menu-item-type-post_type menu-item-object-page menu-item-1558\"><a href=\"https:\/\/www.genexpress.sk\/eshop\/specialne-vysetrenia\/\" class=\"elementor-item\" tabindex=\"-1\">\u0160peci\u00e1lne vy\u0161etrenia<\/a><\/li>\n<li class=\"menu-item menu-item-type-post_type menu-item-object-page menu-item-1575\"><a href=\"https:\/\/www.genexpress.sk\/eshop\/ine-zriedkave-ochorenie\/\" class=\"elementor-item\" tabindex=\"-1\">In\u00e9 zriedkav\u00e9 ochorenia<\/a><\/li>\n<li class=\"menu-item menu-item-type-post_type menu-item-object-page menu-item-2941\"><a href=\"https:\/\/www.genexpress.sk\/eshop\/opakovany-odber-bs\/\" class=\"elementor-item\" tabindex=\"-1\">Opakovan\u00fd odber (BS)<\/a><\/li>\n<\/ul>\t\t\t<\/nav>\n\t\t\t\t\t\t<\/div>\n\t\t\t\t<\/div>\n\t\t\t\t<\/div>\n\t\t<div class=\"elementor-element elementor-element-6927d6d e-con-full e-flex e-con e-child\" data-id=\"6927d6d\" data-element_type=\"container\">\n\t\t\t\t<div class=\"elementor-element elementor-element-53d91de elementor-widget__width-inherit elementor-widget-tablet__width-inherit elementor-cta--valign-middle elementor-cta--skin-classic elementor-animated-content elementor-bg-transform elementor-bg-transform-zoom-in elementor-widget elementor-widget-call-to-action\" data-id=\"53d91de\" data-element_type=\"widget\" data-widget_type=\"call-to-action.default\">\n\t\t\t\t<div class=\"elementor-widget-container\">\n\t\t\t\t\t\t\t<a class=\"elementor-cta\" href=\"https:\/\/www.genexpress.sk\/eshop\/produkt\/gilbertov-syndrom\/\">\n\t\t\t\t\t<div class=\"elementor-cta__bg-wrapper\">\n\t\t\t\t<div class=\"elementor-cta__bg elementor-bg\" style=\"background-image: url(https:\/\/www.genexpress.sk\/eshop\/wp-content\/uploads\/2025\/06\/Pridajte-podnadpis-12-1024x585.png);\" role=\"img\" aria-label=\"poruchy metabolizmu\"><\/div>\n\t\t\t\t<div class=\"elementor-cta__bg-overlay\"><\/div>\n\t\t\t<\/div>\n\t\t\t\t\t\t\t<div class=\"elementor-cta__content\">\n\t\t\t\t\n\t\t\t\t\t\t\t\t\t<h2 class=\"elementor-cta__title elementor-cta__content-item elementor-content-item\">\n\t\t\t\t\t\tGilbertov syndr\u00f3m\t\t\t\t\t<\/h2>\n\t\t\t\t\n\t\t\t\t\n\t\t\t\t\t\t\t\t\t<div class=\"elementor-cta__button-wrapper elementor-cta__content-item elementor-content-item \">\n\t\t\t\t\t<span class=\"elementor-cta__button elementor-button elementor-size-\">\n\t\t\t\t\t\tM\u00e1m Z\u00e1ujem\t\t\t\t\t<\/span>\n\t\t\t\t\t<\/div>\n\t\t\t\t\t\t\t<\/div>\n\t\t\t\t\t\t\t<div class=\"elementor-ribbon elementor-ribbon-left\">\n\t\t\t\t<div class=\"elementor-ribbon-inner\">\n\t\t\t\t\t60,-\u20ac\t\t\t\t<\/div>\n\t\t\t<\/div>\n\t\t\t\t<\/a>\n\t\t\t\t\t\t<\/div>\n\t\t\t\t<\/div>\n\t\t\t\t<div class=\"elementor-element elementor-element-7069d36 elementor-widget__width-inherit elementor-widget-tablet__width-inherit elementor-cta--valign-middle elementor-cta--skin-classic elementor-animated-content elementor-bg-transform elementor-bg-transform-zoom-in elementor-widget elementor-widget-call-to-action\" data-id=\"7069d36\" data-element_type=\"widget\" data-widget_type=\"call-to-action.default\">\n\t\t\t\t<div class=\"elementor-widget-container\">\n\t\t\t\t\t\t\t<a class=\"elementor-cta\" href=\"https:\/\/www.genexpress.sk\/eshop\/produkt\/fenylketonuria\/\">\n\t\t\t\t\t<div class=\"elementor-cta__bg-wrapper\">\n\t\t\t\t<div class=\"elementor-cta__bg elementor-bg\" style=\"background-image: url(https:\/\/www.genexpress.sk\/eshop\/wp-content\/uploads\/2025\/06\/Pridajte-podnadpis-11-1024x585.png);\" role=\"img\" aria-label=\"testy genexpress\"><\/div>\n\t\t\t\t<div class=\"elementor-cta__bg-overlay\"><\/div>\n\t\t\t<\/div>\n\t\t\t\t\t\t\t<div class=\"elementor-cta__content\">\n\t\t\t\t\n\t\t\t\t\t\t\t\t\t<h2 class=\"elementor-cta__title elementor-cta__content-item elementor-content-item\">\n\t\t\t\t\t\tFenylketon\u00faria\t\t\t\t\t\t<\/h2>\n\t\t\t\t\n\t\t\t\t\n\t\t\t\t\t\t\t\t\t<div class=\"elementor-cta__button-wrapper elementor-cta__content-item elementor-content-item \">\n\t\t\t\t\t<span class=\"elementor-cta__button elementor-button elementor-size-\">\n\t\t\t\t\t\tM\u00e1m Z\u00e1ujem\t\t\t\t\t<\/span>\n\t\t\t\t\t<\/div>\n\t\t\t\t\t\t\t<\/div>\n\t\t\t\t\t\t\t<div class=\"elementor-ribbon elementor-ribbon-left\">\n\t\t\t\t<div class=\"elementor-ribbon-inner\">\n\t\t\t\t\t750,-\u20ac\t\t\t\t<\/div>\n\t\t\t<\/div>\n\t\t\t\t<\/a>\n\t\t\t\t\t\t<\/div>\n\t\t\t\t<\/div>\n\t\t\t\t<\/div>\n\t\t<div class=\"elementor-element elementor-element-7c14253 e-con-full e-flex e-con e-child\" data-id=\"7c14253\" data-element_type=\"container\">\n\t\t\t\t<div class=\"elementor-element elementor-element-e51a8b1 elementor-widget__width-inherit elementor-widget-tablet__width-inherit elementor-cta--valign-middle elementor-cta--skin-classic elementor-animated-content elementor-bg-transform elementor-bg-transform-zoom-in elementor-widget elementor-widget-call-to-action\" data-id=\"e51a8b1\" data-element_type=\"widget\" data-widget_type=\"call-to-action.default\">\n\t\t\t\t<div class=\"elementor-widget-container\">\n\t\t\t\t\t\t\t<a class=\"elementor-cta\" href=\"https:\/\/www.genexpress.sk\/eshop\/produkt\/hereditarna-hemochromatoza\/\">\n\t\t\t\t\t<div class=\"elementor-cta__bg-wrapper\">\n\t\t\t\t<div class=\"elementor-cta__bg elementor-bg\" style=\"background-image: url(https:\/\/www.genexpress.sk\/eshop\/wp-content\/uploads\/2025\/06\/Pridajte-podnadpis-13-1024x585.png);\" role=\"img\" aria-label=\"genexpress\"><\/div>\n\t\t\t\t<div class=\"elementor-cta__bg-overlay\"><\/div>\n\t\t\t<\/div>\n\t\t\t\t\t\t\t<div class=\"elementor-cta__content\">\n\t\t\t\t\n\t\t\t\t\t\t\t\t\t<h2 class=\"elementor-cta__title elementor-cta__content-item elementor-content-item\">\n\t\t\t\t\t\tHeredit\u00e1rna hemochromat\u00f3za\t\t\t\t\t<\/h2>\n\t\t\t\t\n\t\t\t\t\n\t\t\t\t\t\t\t\t\t<div class=\"elementor-cta__button-wrapper elementor-cta__content-item elementor-content-item \">\n\t\t\t\t\t<span class=\"elementor-cta__button elementor-button elementor-size-\">\n\t\t\t\t\t\tM\u00e1m Z\u00e1ujem\t\t\t\t\t<\/span>\n\t\t\t\t\t<\/div>\n\t\t\t\t\t\t\t<\/div>\n\t\t\t\t\t\t\t<div class=\"elementor-ribbon elementor-ribbon-left\">\n\t\t\t\t<div class=\"elementor-ribbon-inner\">\n\t\t\t\t\t110,-\u20ac\t\t\t\t<\/div>\n\t\t\t<\/div>\n\t\t\t\t<\/a>\n\t\t\t\t\t\t<\/div>\n\t\t\t\t<\/div>\n\t\t\t\t<\/div>\n\t\t\t\t\t<\/div>\n\t\t\t\t<\/div>\n\t\t\t\t<\/div>\n\t\t","protected":false},"excerpt":{"rendered":"<p>DNA testy \/ Metabolick\u00e9 ochorenia Gilbertov syndr\u00f3m M\u00e1m Z\u00e1ujem 60,-\u20ac Fenylketon\u00faria M\u00e1m Z\u00e1ujem 750,-\u20ac Heredit\u00e1rna hemochromat\u00f3za M\u00e1m Z\u00e1ujem 110,-\u20ac<\/p>\n","protected":false},"author":1,"featured_media":0,"parent":0,"menu_order":0,"comment_status":"closed","ping_status":"closed","template":"elementor_header_footer","meta":{"_seopress_robots_primary_cat":"","_seopress_titles_title":"Genetick\u00e9 testy dedi\u010dn\u00fdch metabolick\u00fdch por\u00fach | Genexpress","_seopress_titles_desc":"Genexpress pon\u00faka genetick\u00e9 testy na dedi\u010dn\u00e9 metabolick\u00e9 poruchy, vr\u00e1tane fenylketon\u00farie, Gilbertovho syndr\u00f3mu a Wilsonovej choroby. Zistite svoje genetick\u00e9 predispoz\u00edcie a podniknite kroky k prevencii.","_seopress_robots_index":"","footnotes":""},"class_list":["post-1492","page","type-page","status-publish","hentry"],"_links":{"self":[{"href":"https:\/\/www.genexpress.sk\/eshop\/wp-json\/wp\/v2\/pages\/1492","targetHints":{"allow":["GET"]}}],"collection":[{"href":"https:\/\/www.genexpress.sk\/eshop\/wp-json\/wp\/v2\/pages"}],"about":[{"href":"https:\/\/www.genexpress.sk\/eshop\/wp-json\/wp\/v2\/types\/page"}],"author":[{"embeddable":true,"href":"https:\/\/www.genexpress.sk\/eshop\/wp-json\/wp\/v2\/users\/1"}],"replies":[{"embeddable":true,"href":"https:\/\/www.genexpress.sk\/eshop\/wp-json\/wp\/v2\/comments?post=1492"}],"version-history":[{"count":40,"href":"https:\/\/www.genexpress.sk\/eshop\/wp-json\/wp\/v2\/pages\/1492\/revisions"}],"predecessor-version":[{"id":3610,"href":"https:\/\/www.genexpress.sk\/eshop\/wp-json\/wp\/v2\/pages\/1492\/revisions\/3610"}],"wp:attachment":[{"href":"https:\/\/www.genexpress.sk\/eshop\/wp-json\/wp\/v2\/media?parent=1492"}],"curies":[{"name":"wp","href":"https:\/\/api.w.org\/{rel}","templated":true}]}}