{"id":1698,"date":"2025-06-19T15:25:14","date_gmt":"2025-06-19T15:25:14","guid":{"rendered":"https:\/\/test.genexpress.sk\/?page_id=1698"},"modified":"2026-03-12T15:52:49","modified_gmt":"2026-03-12T15:52:49","slug":"ochrana-osobnych-udajov","status":"publish","type":"page","link":"https:\/\/www.genexpress.sk\/eshop\/ochrana-osobnych-udajov\/","title":{"rendered":"Ochrana osobn\u00fdch \u00fadajov"},"content":{"rendered":"\t\t<div data-elementor-type=\"wp-page\" data-elementor-id=\"1698\" class=\"elementor elementor-1698\" data-elementor-post-type=\"page\">\n\t\t\t\t<div class=\"elementor-element elementor-element-174422a e-flex e-con-boxed e-con e-parent\" data-id=\"174422a\" data-element_type=\"container\" data-settings=\"{&quot;background_background&quot;:&quot;classic&quot;}\">\n\t\t\t\t\t<div class=\"e-con-inner\">\n\t\t\t\t<div class=\"elementor-element elementor-element-4680084 elementor-widget elementor-widget-heading\" data-id=\"4680084\" data-element_type=\"widget\" data-widget_type=\"heading.default\">\n\t\t\t\t<div class=\"elementor-widget-container\">\n\t\t\t\t\t<h4 class=\"elementor-heading-title elementor-size-default\">Ochrana osobn\u00fdch \u00fadajov <\/p>\n<p>Verzia PDF <a href=\"https:\/\/www.genexpress.sk\/eshop\/wp-content\/uploads\/2025\/08\/IS18_Ochrana-osobnych-udajov.pdf\" target=\"_blank\"><strong><em>TU<\/em><\/strong><\/a><\/p>\n<\/h4>\t\t\t\t<\/div>\n\t\t\t\t<\/div>\n\t\t\t\t\t<\/div>\n\t\t\t\t<\/div>\n\t\t<div class=\"elementor-element elementor-element-7ac9496 e-flex e-con-boxed e-con e-parent\" data-id=\"7ac9496\" data-element_type=\"container\">\n\t\t\t\t\t<div class=\"e-con-inner\">\n\t\t\t\t<div class=\"elementor-element elementor-element-557227b elementor-widget elementor-widget-text-editor\" data-id=\"557227b\" data-element_type=\"widget\" data-widget_type=\"text-editor.default\">\n\t\t\t\t<div class=\"elementor-widget-container\">\n\t\t\t\t\t\t\t\t\t<ol><li><strong>Osobn\u00e9 \u00fadaje<\/strong><\/li><\/ol><p>\u201eOsobn\u00e9 \u00fadaje\u201c s\u00fa ak\u00e9ko\u013evek inform\u00e1cie t\u00fdkaj\u00face sa identifikovanej alebo identifikovate\u013enej fyzickej<br \/>osoby (\u010falej len \u201edotknut\u00e1 osoba\u201c); identifikovate\u013en\u00e1 fyzick\u00e1 osoba je osoba, ktor\u00fa mo\u017eno<br \/>identifikova\u0165 priamo alebo nepriamo, najm\u00e4 odkazom na identifik\u00e1tor, ako je meno, identifika\u010dn\u00e9<br \/>\u010d\u00edslo, lokaliza\u010dn\u00e9 \u00fadaje, online identifik\u00e1tor, alebo odkazom na jeden \u010di viacer\u00e9 prvky, ktor\u00e9 s\u00fa<br \/>\u0161pecifick\u00e9 pre fyzick\u00fa, fyziologick\u00fa, genetick\u00fa, ment\u00e1lnu, ekonomick\u00fa, kult\u00farnu alebo soci\u00e1lnu<br \/>identitu tejto fyzickej osoby.<\/p><p>\u00a0<\/p><ol start=\"2\"><li><strong>Sprac\u00favanie osobn\u00fdch \u00fadajov<\/strong><\/li><\/ol><p>\u201eSprac\u00favanie\u201c je oper\u00e1cia alebo s\u00fabor oper\u00e1ci\u00ed s osobn\u00fdmi \u00fadajmi alebo s\u00fabormi osobn\u00fdch \u00fadajov,<br \/>napr\u00edklad z\u00edskavanie, zaznamen\u00e1vanie, usporad\u00favanie, \u0161trukt\u00farovanie, uchov\u00e1vanie, preprac\u00favanie alebo zmena, vyh\u013ead\u00e1vanie, prehliadanie, vyu\u017e\u00edvanie, poskytovanie prenosom, \u0161\u00edren\u00edm alebo poskytovanie in\u00fdm sp\u00f4sobom, preskupovanie alebo kombinovanie, obmedzenie, vymazanie alebo likvid\u00e1cia, bez oh\u013eadu na to, \u010di sa vykon\u00e1vaj\u00fa automatizovan\u00fdmi alebo neautomatizovan\u00fdmi<br \/>prostriedkami.<\/p><p>\u00a0<\/p><ol start=\"3\"><li><strong>Spracovate\u013e osobn\u00fdch \u00fadajov <\/strong><\/li><\/ol><p>Spolo\u010dnos\u0165 GENEXPRESS spol. s\u00a0r. o., so s\u00eddlom Mlynarovi\u010dova 22, 851 03 Bratislava, I\u010cO: 17\u00a0336\u00a0317, zap\u00edsan\u00e1 v\u00a0Obchodnom registri Okresn\u00e9ho s\u00fadu Bratislava I, oddiel: Sro, vlo\u017eka \u010d.: 1865\/B, \u010falej len \u201ePrev\u00e1dzkovate\u013e\u201c sprac\u00fava osobn\u00e9 \u00fadaje v\u00a0zmysle po\u017eiadaviek stanoven\u00fdch GDPR \/V\u0161eobecn\u00e9 nariadenie o\u00a0ochrane osobn\u00fdch \u00fadajov\/. Za ochranu osobn\u00fdch \u00fadajov je zodpovedn\u00fd Mana\u017e\u00e9r kvality, ktor\u00e9ho je mo\u017en\u00e9 kontaktova\u0165 na <a href=\"mailto:info@genexpress.sk\">info@genexpress.sk<\/a>.<\/p><p>\u00a0<\/p><ol start=\"4\"><li><strong>Pr\u00e1vny z\u00e1klad pre spracovanie osobn\u00fdch \u00fadajov<\/strong><\/li><\/ol><p>Osobn\u00e9 \u00fadaje sa sprac\u00favaj\u00fa v\u00a0s\u00falade so Z\u00e1konom o\u00a0ochrane osobn\u00fdch \u00fadajov \u010d. 18\/2018 Z.Z. a\u00a0z\u00e1rove\u0148 v\u00a0s\u00falade s\u00a0Nariaden\u00edm Eur\u00f3pskeho parlamentu a\u00a0Rady E\u00da 2016\/679 z\u00a027.4.2016 o\u00a0ochrane fyzick\u00fdch os\u00f4b pri spracovan\u00ed osobn\u00fdch \u00fadajov a\u00a0vo\u013enom pohybe t\u00fdchto \u00fadajov (\u010falej len \u201eGDPR\u201c).<\/p><p>\u00a0<\/p><ol start=\"5\"><li><strong>\u00da\u010del a\u00a0sp\u00f4sob spracovania osobn\u00fdch \u00fadajov<\/strong><\/li><\/ol><p>Osobn\u00e9 \u00fadaje sa sprac\u00favaj\u00fa u Prev\u00e1dzkovate\u013ea ako poskytovate\u013ea zdravotnej starostlivosti za \u00fa\u010delom poskytovania zdravotnej starostlivosti vy\u0161etrovanej osobne, vr\u00e1tane jej identifik\u00e1cie. Poskytnutie osobn\u00fdch \u00fadajov je dobrovo\u013en\u00e9, av\u0161ak nevyhnutn\u00e9 pre riadne poskytnutie zdravotnej starostlivosti.<\/p><p>Osobn\u00e9 \u00fadaje sa sprac\u00favaj\u00fa u\u00a0Prev\u00e1dzkovate\u013ea ako zmluvn\u00e9ho partnera na \u00fa\u010dely splnenia z\u00e1v\u00e4zku Prev\u00e1dzkovate\u013ea v\u00a0zmysle objedn\u00e1vky alebo pri uplat\u0148ovan\u00ed pr\u00e1vnych n\u00e1rokov alebo za \u00fa\u010delom kontaktovania vy\u0161etrovanej osoby alebo jej pr\u00edbuzn\u00fdch, ktor\u00fdch ur\u010d\u00ed.<\/p><p>Osobn\u00e9 \u00fadaje, ktor\u00e9 sa sprac\u00favaj\u00fa s\u00fa v\u00a0rozsahu ustanovenom \u00a7 19 a\u00a0nasl. Z\u00e1kona \u010d. 576\/2004 Z.z. a to:<\/p><ul><li>meno a\u00a0priezvisko,<\/li><li>d\u00e1tum narodenia a\u00a0rodn\u00e9 \u010d\u00edslo,<\/li><li>adresa bydliska,<\/li><li>zdravotn\u00e9 \u00fadaje potrebn\u00e9 na zistenie anamn\u00e9zy, \u00fadaje o\u00a0chorobe, o\u00a0priebehu a\u00a0v\u00fdsledkoch vy\u0161etren\u00ed, lie\u010dby a\u00a0\u010fal\u0161\u00edch v\u00fdznamn\u00fdch okolnostiach s\u00favisiacich so zdravotn\u00fdm stavom vy\u0161etrovanej osoby a\u00a0s\u00a0postupom pri poskytovan\u00ed zdravotnej starostlivosti,<\/li><li>\u00fadaje o\u00a0rozsahu poskytnutej zdravotnej starostlivosti, \u00fadaje o\u00a0slu\u017eb\u00e1ch s\u00favisiacich s\u00a0poskytovan\u00edm zdravotnej starostlivosti, \u00fadaje o\u00a0lie\u010debnom re\u017eime a\u00a0skuto\u010dnosti d\u00f4le\u017eit\u00e9 na pos\u00fadenie zdravotnej sp\u00f4sobilosti na v\u00fdkon pr\u00e1ce,<\/li><li>epidemiologicky z\u00e1va\u017en\u00e9 skuto\u010dnosti,<\/li><li>identifika\u010dn\u00e9 \u00fadaje zdravotnej pois\u0165ovne vy\u0161etrovanej osoby.<\/li><\/ul><p>Za\u00a0\u00fa\u010delom plnenia z\u00e1v\u00e4zku poskytnutia slu\u017eby v\u00a0zmysle objedn\u00e1vky sa sprac\u00favaj\u00fa osobn\u00e9 \u00fadaje v\u00a0rozsahu uvedenom vo vyplnenej objedn\u00e1vke. Za \u00fa\u010delom kontaktovania vy\u0161etrovanej osoby a\u00a0pr\u00edbuzn\u00fdch, ktor\u00fdch ur\u010d\u00ed, sa sprac\u00fava meno a\u00a0priezvisko, \u00fadaj o\u00a0telef\u00f3nnom \u010d\u00edsle, pr\u00edpadne in\u00e9 kontaktn\u00e9 \u00fadaje, ktor\u00e9 s\u00fa poskytnut\u00e9, napr. emailov\u00fa adresu.<\/p><p>\u00a0<\/p><p>Laborat\u00f3rium pou\u017e\u00edvate\u013ea a\/alebo pacienta vopred informuje o\u00a0inform\u00e1ci\u00e1ch, ktor\u00e9 m\u00e1 v\u00a0\u00famysle umiestni\u0165 na verejn\u00fa dom\u00e9nu. V\u00fdnimkou s\u00fa inform\u00e1cie, ktor\u00e9 pou\u017e\u00edvate\u013e a\/alebo pacient spr\u00edstupn\u00ed verejnosti alebo t\u00fdch, na ktor\u00fdch sa laborat\u00f3rium dohodne s\u00a0pacientom (napr. na \u00fa\u010dely rie\u0161enia s\u0165a\u017enost\u00ed), sa v\u0161etky \u010fal\u0161ie inform\u00e1cie pova\u017euj\u00fa za chr\u00e1nen\u00e9 a\u00a0d\u00f4vern\u00e9.<\/p><p>\u00a0<\/p><p>Osobn\u00e9 \u00fadaje s\u00fa zozbieran\u00e9 a\u00a0sprac\u00favane spr\u00e1vne a\u00a0na konkr\u00e9tne, explicitne ur\u010den\u00e9 a\u00a0legit\u00edmne \u00fa\u010dely. Spracovate\u013esk\u00e9 oper\u00e1cie sa opieraj\u00fa o\u00a0pr\u00e1vny z\u00e1klad a\u00a0m\u00f4\u017eu by\u0165 nevyhnutn\u00e9 na plnenie zmluvy a\/alebo na \u00fa\u010dely legit\u00edmnych z\u00e1ujmov, ktor\u00e9 Prev\u00e1dzkovate\u013e sleduje. Pou\u017e\u00edvaj\u00fa sa primeran\u00e9 technick\u00e9 a\u00a0organiza\u010dn\u00e9 opatrenia na zaistenie najvy\u0161\u0161ej \u00farovne bezpe\u010dnosti a\u00a0na zabezpe\u010denie dostupnosti a\u00a0ochrany osobn\u00fdch \u00fadajov.<\/p><p>\u00a0<\/p><p>Po\u010das procesu spracovania osobn\u00fdch \u00fadajov s\u00fa \u00fadaje vy\u0161etrovanej osoby zabezpe\u010den\u00e9 adekv\u00e1tne po\u010das cel\u00e9ho cyklu vy\u0161etrenia na z\u00e1klade objedn\u00e1vky vy\u0161etrovanej osoby nasledovne:<\/p><ol><li>Osobn\u00e9 \u00fadaje s\u00fa po doru\u010den\u00ed k\u00a0Prev\u00e1dzkovate\u013eovi evidovan\u00e9 v s\u00fabore <strong>Evidencia vzoriek a\u00a0po\u017eiadaviek na vy\u0161etrenie<\/strong>. Tento xls s\u00fabor sa nach\u00e1dza na Intranete \u2013 (SharePoint Genexpress), kde maj\u00fa \u0161pecifick\u00e9 pr\u00edstupy na \u010d\u00edtanie a\u00a0p\u00edsanie vybran\u00ed pracovn\u00edci laborat\u00f3ria. Intranet je s\u00fa\u010das\u0165ou programu MS Office a\u00a0obsahuje aj pr\u00edslu\u0161n\u00fa potrebn\u00fa antiv\u00edrov\u00fa ochranu.<\/li><li>Pri spracovan\u00ed vzorky vy\u0161etrovanej osoby nie s\u00fa zobrazovan\u00e9 osobn\u00e9 \u00fadaje, preto\u017ee vzorka je po jej evidencii ozna\u010dovan\u00e1 \u010d\u00edslom DNA, osobn\u00e9 \u00fadaje s\u00fa takto anonymizovan\u00e9.<\/li><li>Anal\u00fdza a\u00a0vy\u0161etrenie je spracovan\u00e9 na po\u010d\u00edta\u010di bez pr\u00edstupu na internet pod heslom spracovate\u013ea, experta.<\/li><li>V\u00fdsledok vy\u0161etrenia je zaznamenan\u00fd v\u00a0elektronickej podobe na Intranete a\u00a0v\u00a0tla\u010denej podobe archivovan\u00fd v\u00a0miestnosti, ktor\u00e1 je uzatvoren\u00e1 a\u00a0pr\u00edstupn\u00e1 len pre pracovn\u00edkov Prev\u00e1dzkovate\u013ea. V\u00fdsledok vy\u0161etrenia v\u00a0podobe V\u00fdsledkovej spr\u00e1vy je komunikovan\u00fd objedn\u00e1vate\u013eovi \u0161tandardne v\u00a0tla\u010denej podobe a je posielan\u00fd po\u0161tou.<\/li><\/ol><p>Laborat\u00f3rium rovnako poskytuje slu\u017ebu zasielania v\u00fdsledkov vy\u0161etren\u00ed elektronicky, slu\u017eba E-v\u00fdsledky. E-v\u00fdsledky umiest\u0148uje pracovn\u00edk laborat\u00f3ria do chr\u00e1nenej z\u00f3ny na webovom s\u00eddle spolo\u010dnosti. S\u00fa umiestnen\u00e9 v\u00a0s\u00fakromnej datab\u00e1ze s\u00a0pr\u00edstupom len web admina. V\u00fdsledky s\u00fa chr\u00e1nen\u00e9 SSL cerfitik\u00e1tom, \u010di\u017ee ide o\u00a0\u0161ifrovan\u00fa komunik\u00e1ciu. Pr\u00edstup do datab\u00e1zy svojich v\u00fdsledkov m\u00e1 pou\u017e\u00edvate\u013e, ktor\u00fd je overen\u00fd pracovn\u00edkom laborat\u00f3ria, a\u00a0ktor\u00fd si vie v\u00fdsledky svojich pacientov zobrazi\u0165 prihl\u00e1sen\u00edm sa do zabezpe\u010denej z\u00f3ny zaslan\u00fdm menom a\u00a0heslom.<\/p><p>V\u00a0pr\u00edpade samoplatcovsk\u00fdch vy\u0161etren\u00ed s\u00fa v\u00fdsledky zasielan\u00e9 elektronicky prostredn\u00edctvom slu\u017eby E-v\u00fdsledky, kde pou\u017e\u00edvate\u013eom so vstupom do datab\u00e1zy je kontaktn\u00e1 osoba sprostredkovate\u013ea zaviazan\u00e1 zmluvne ml\u010danlivos\u0165ou. Kontaktn\u00e1 osoba sprostredkovate\u013ea po umiestnen\u00ed v\u00fdsledku pacienta pracovn\u00edkom laborat\u00f3ria odo\u0161le v\u00fdsledok pacientovi \u2013 samoplatcovi na n\u00edm zvolen\u00fa mailov\u00fa adresu cez \u00faschov\u0148u ako \u0161ifrovan\u00fd spr\u00e1vu. Pacient \u2013 samoplatca z\u00e1rove\u0148 na n\u00edm zvolen\u00e9 telef\u00f3nne \u010d\u00edslo dostaneme sms s\u00a0k\u00f3dom pre zobrazenie \u0161ifrovanej spr\u00e1vy s\u00a0v\u00fdsledkom vy\u0161etrenia.<\/p><p>Vo v\u00fdnimo\u010dn\u00fdch opr\u00e1vnen\u00fdch pr\u00edpadoch, na \u017eiados\u0165 objedn\u00e1vate\u013ea, je mo\u017en\u00e9 v\u00fdsledky komunikova\u0165 telefonicky alebo mailom pracovn\u00edkom na to opr\u00e1vnen\u00fdm.<\/p><p>\u00a0<\/p><ol start=\"5\"><li>Pracovn\u00edci laborat\u00f3ria s\u00fa v\u00a0zmysle podp\u00edsan\u00fdch Doh\u00f4d o\u00a0pracovnej \u010dinnosti a\u00a0Pracovn\u00fdch zml\u00fav viazan\u00ed ml\u010danlivos\u0165ou, ktor\u00e1 sa vz\u0165ahuje aj na osobn\u00e9 \u00fadaje vy\u0161etrovan\u00fdch os\u00f4b a\u00a0in\u00e9 osobn\u00e9 \u00fadaje.<\/li><\/ol><p>\u00a0<\/p><ol start=\"6\"><li><strong>Poskytnutie osobn\u00fdch \u00fadajov tret\u00edm stran\u00e1m<\/strong><\/li><\/ol><p>Osobn\u00e9 \u00fadaje bud\u00fa poskytnut\u00e9 tret\u00edm stran\u00e1m len v\u00a0pr\u00edpade vy\u0161etrenia a\u00a0to za \u00fa\u010delom poskytnutie zdravotnej starostlivosti ak existuje z\u00e1konn\u00e9 opr\u00e1vnenie na ich poskytnutie a\u00a0to:<\/p><ul><li>poskytnutie \u00fadajov zo zdravotnej dokument\u00e1cie v\u00a0rozsahu, ktor\u00fd zodpoved\u00e1 \u00fa\u010delu vy\u017eiadania a\u00a0to pr\u00edslu\u0161n\u00e9mu org\u00e1nu na \u00fa\u010dely soci\u00e1lnej pomoci, \u0161t\u00e1tnej soci\u00e1lnej d\u00e1vky alebo slu\u017eieb zamestnanosti, in\u0161pektor\u00e1tu pr\u00e1ce a\u00a0org\u00e1nom dozoru na \u00fa\u010dely vy\u0161etrovania pracovn\u00e9ho \u00farazu alebo choroby z\u00a0povolania, pr\u00edslu\u0161n\u00e9mu org\u00e1nu na \u00fa\u010dely medzi\u0161t\u00e1tneho osvojenia die\u0165a\u0165a, org\u00e1nu \u010dinn\u00e9mu v\u00a0trestnom konan\u00ed alebo s\u00fadu, lek\u00e1rovi pracovnej zdravotnej slu\u017eby na \u00fa\u010del pos\u00fadenia zdravotnej sp\u00f4sobilosti na pr\u00e1cu, spr\u00e1vcovi registra vyl\u00fa\u010den\u00fdch os\u00f4b,<\/li><li>zdravotnej pois\u0165ovni vy\u0161etrovanej osoby za \u00fa\u010delom \u00fahrady poskytnutej zdravotnej starostlivosti v\u00a0rozsahu ustanovenom v\u0161eobecne z\u00e1v\u00e4zn\u00fdm predpisom,<\/li><li>spr\u00edstupnenie zdravotnej dokument\u00e1cie, a\u00a0to najm\u00e4 rev\u00edznemu lek\u00e1rovi, rev\u00edznemu farmaceutovi a\u00a0rev\u00edznej sestre zdravotnej pois\u0165ovne vy\u0161etrovanej osoby na \u00fa\u010dely kontrolnej \u010dinnosti v\u00a0celom rozsahu, \u00faradu pre doh\u013ead na \u00fa\u010dely doh\u013eadu nad zdravotnou starostlivos\u0165ou a\u00a0na \u00fa\u010dely pre\u0161etrovania s\u0165a\u017enost\u00ed v\u00a0celom rozsahu, ministerstvu zdravotn\u00edctva, lek\u00e1rovi samospr\u00e1vneho kraja a\u00a0sestre samospr\u00e1vneho kraja na \u00fa\u010dely dozoru, ak ide o\u00a0zdravotn\u00fa dokument\u00e1ciu pr\u00edslu\u0161n\u00edka ozbrojen\u00fdch s\u00edl SR aj lek\u00e1rom ur\u010den\u00fdm jednotliv\u00fdmi \u00fastredn\u00fdmi org\u00e1nmi \u0161t\u00e1tnej spr\u00e1vy po dohode s\u00a0ministerstvom zdravotn\u00edctva v\u00a0celom rozsahu, v\u0161eobecn\u00e9mu lek\u00e1rovi Ministerstva vn\u00fatra SR na \u00fa\u010dely lek\u00e1rskeho vy\u0161etrenia v\u00a0prij\u00edmacom konan\u00ed a\u00a0posudkov\u00e9mu lek\u00e1rovi ozbrojen\u00fdch s\u00edl SR na \u00fa\u010dely v\u00fdberov\u00e9ho alebo prieskumn\u00e9ho konania v\u00a0celom rozsahu, posudkov\u00e9mu lek\u00e1rovi na \u00fa\u010dely lek\u00e1rskej posudkovej \u010dinnosti pri v\u00fdkone soci\u00e1lneho poistenia v\u00a0soci\u00e1lnom zabezpe\u010den\u00ed policajtov a\u00a0vojakov v\u00a0celom rozsahu, posudkov\u00e9mu lek\u00e1rovi \u00faradu pr\u00e1ce, soci\u00e1lnych vec\u00ed a\u00a0rodiny na \u00fa\u010dely lek\u00e1rskej posudkovej \u010dinnosti v\u00a0celom rozsahu, znalcovi, ktor\u00e9ho ustanovil s\u00fad alebo pribral org\u00e1n \u010dinn\u00fd v\u00a0trestnom konan\u00ed alebo ktor\u00e9ho po\u017eiadala o\u00a0vypracovanie znaleck\u00e9ho posudku niektor\u00e1 zo str\u00e1n na \u00fa\u010dely priamo s\u00favisiace s\u00a0konan\u00edm pred s\u00fadom v\u00a0rozsahu nevyhnutnom na vyhotovenie znaleck\u00e9ho posudku, pois\u0165ovni vykon\u00e1vaj\u00facej individu\u00e1lne zdravotn\u00e9 poistenie na \u00fa\u010dely kontrolnej \u010dinnosti poskytnutej zdravotnej starostlivosti, na ktor\u00fa sa vz\u0165ahuje poistn\u00e9 plnenie, pr\u00edslu\u0161n\u00e9mu org\u00e1nu stavovskej organiz\u00e1cie v\u00a0rozsahu kontroly v\u00fdkonu pr\u00edslu\u0161n\u00e9ho zdravotn\u00edckeho povolania, odborn\u00e9mu pracovn\u00edkovi epidemiol\u00f3gie pr\u00edslu\u0161n\u00e9ho region\u00e1lneho \u00faradu verejn\u00e9ho zdravotn\u00edctva a\u00a0odborn\u00e9mu pracovn\u00edkovi epidemiol\u00f3gie \u00faradov verejn\u00e9ho zdravotn\u00edctva Ministerstva vn\u00fatra SR a\u00a0Ministerstva obrany SR v\u00a0rozsahu potrebnom na zabezpe\u010denie epidemiologick\u00e9ho vy\u0161etrovania,<\/li><li>poskytovate\u013eom IT slu\u017eieb, advok\u00e1tom, arch\u00edvu a\u00a0\u010fal\u0161\u00edm osob\u00e1m, ktor\u00e9 Prev\u00e1dzkovate\u013eovi poskytuj\u00fa slu\u017eby na z\u00e1klade uzatvorenej zmluvy o\u00a0sprac\u00favan\u00ed osobn\u00fdch \u00fadajov.<\/li><\/ul><p>Inform\u00e1cie o\u00a0pacientovi z\u00a0in\u00e9ho zdroja, ako od pacienta (napr. s\u0165a\u017eovate\u013ea, od regula\u010dn\u00e9ho org\u00e1nu) laborat\u00f3rium zachov\u00e1va ako d\u00f4vern\u00e9. Laborat\u00f3rium zachov\u00e1va ako d\u00f4vern\u00e9 aj toto\u017enos\u0165 zdroja a\u00a0pokia\u013e s\u00a0t\u00fdm zdroj nes\u00fahlas\u00ed, neposkytne ju pacientovi.<\/p><p>\u00a0<\/p><ol start=\"7\"><li><strong>Archiv\u00e1cia osobn\u00fdch \u00fadajov<\/strong><\/li><\/ol><p>Osobn\u00e9 \u00fadaje s\u00fa uchov\u00e1van\u00e9 tak dlho, ako je potrebn\u00e9 pre splnenie \u00fa\u010delov zhroma\u017e\u010fovania osobn\u00fdch \u00fadajov. V\u00a0pr\u00edpade, \u017ee osobn\u00e9 \u00fadaje u\u017e nie s\u00fa potrebn\u00e9, s\u00fa vymazan\u00e9. \u00dadaje sprac\u00favan\u00e9 na \u00fa\u010del splnenia z\u00e1v\u00e4zku Prev\u00e1dzkovate\u013ea poskytn\u00fa\u0165 slu\u017ebu v\u00a0zmysle objedn\u00e1vky, bud\u00fa sprac\u00favan\u00e9 najviac do uplynutia preml\u010dacej doby pre plnenia poskytnut\u00e9 pod\u013ea zmluvy, ktor\u00e1 vznikne akcept\u00e1ciou objedn\u00e1vky Prev\u00e1dzkovate\u013eom.<\/p><p>Osobn\u00e9 \u00fadaje, t\u00fdkaj\u00face sa zdravia s\u00fa Prev\u00e1dzkovate\u013eom na dan\u00fd \u00fa\u010del sprac\u00favan\u00e9 minim\u00e1lne po dobu 20 rokov odo d\u0148a poskytnutia zdravotnej starostlivosti. V\u00a0pr\u00edpade archiv\u00e1cie DNA materi\u00e1lu s\u00fa osobn\u00e9 \u00fadaje archivovan\u00e9 a\u00a0sprac\u00favan\u00e9 neobmedzene.<\/p><p>\u00a0<\/p><ol start=\"8\"><li><strong>Inform\u00e1cie o\u00a0pr\u00e1vach poskytovate\u013ea osobn\u00fdch \u00fadajov<\/strong><\/li><\/ol><p>Poskytovate\u013e osobn\u00fdch \u00fadajov je na z\u00e1klade p\u00edsomnej \u017eiadosti opr\u00e1vnen\u00fd:<\/p><ul><li>po\u017eiada\u0165 o\u00a0pr\u00edstup k svojim osobn\u00fdm \u00fadajom,<\/li><li>\u017eiada\u0165 o\u00a0k\u00f3piu svojich osobn\u00fdch \u00fadajov,<\/li><li>\u017eiada\u0165 o\u00a0opravu, doplnenie svojich osobn\u00fdch \u00fadajov,<\/li><li>odvola\u0165 s\u00fahlas na \u010fal\u0161ie pou\u017eitie svojich osobn\u00fdch \u00fadajov Prev\u00e1dzkovate\u013eom,<\/li><li>po\u017eiada\u0165 o\u00a0prenos svojich osobn\u00fdch \u00fadajov,<\/li><li>poda\u0165 s\u0165a\u017enos\u0165 na \u00darade na ochranu osobn\u00fdch \u00fadajov.<\/li><\/ul>\t\t\t\t\t\t\t\t<\/div>\n\t\t\t\t<\/div>\n\t\t\t\t\t<\/div>\n\t\t\t\t<\/div>\n\t\t\t\t<\/div>\n\t\t","protected":false},"excerpt":{"rendered":"<p>Ochrana osobn\u00fdch \u00fadajov Verzia PDF TU Osobn\u00e9 \u00fadaje \u201eOsobn\u00e9 \u00fadaje\u201c s\u00fa ak\u00e9ko\u013evek inform\u00e1cie t\u00fdkaj\u00face sa identifikovanej alebo identifikovate\u013enej fyzickejosoby (\u010falej len \u201edotknut\u00e1 osoba\u201c); identifikovate\u013en\u00e1 fyzick\u00e1 osoba je osoba, ktor\u00fa mo\u017enoidentifikova\u0165 priamo alebo nepriamo, najm\u00e4 odkazom na identifik\u00e1tor, ako je meno, identifika\u010dn\u00e9\u010d\u00edslo, lokaliza\u010dn\u00e9 \u00fadaje, online identifik\u00e1tor, alebo odkazom na jeden \u010di viacer\u00e9 prvky, ktor\u00e9 s\u00fa\u0161pecifick\u00e9 pre [&hellip;]<\/p>\n","protected":false},"author":1,"featured_media":0,"parent":0,"menu_order":0,"comment_status":"closed","ping_status":"closed","template":"elementor_header_footer","meta":{"_seopress_robots_primary_cat":"","_seopress_titles_title":"Ochrana osobn\u00fdch \u00fadajov | Genexpress \u2013 GDPR a s\u00fakromie","_seopress_titles_desc":"Genexpress sa zav\u00e4zuje chr\u00e1ni\u0165 va\u0161e osobn\u00e9 \u00fadaje v s\u00falade s platnou legislat\u00edvou. Pre\u010d\u00edtajte si na\u0161u politiku ochrany osobn\u00fdch \u00fadajov a zistite, ako sprac\u00favame a chr\u00e1nime va\u0161e d\u00e1ta.","_seopress_robots_index":"","footnotes":""},"class_list":["post-1698","page","type-page","status-publish","hentry"],"_links":{"self":[{"href":"https:\/\/www.genexpress.sk\/eshop\/wp-json\/wp\/v2\/pages\/1698","targetHints":{"allow":["GET"]}}],"collection":[{"href":"https:\/\/www.genexpress.sk\/eshop\/wp-json\/wp\/v2\/pages"}],"about":[{"href":"https:\/\/www.genexpress.sk\/eshop\/wp-json\/wp\/v2\/types\/page"}],"author":[{"embeddable":true,"href":"https:\/\/www.genexpress.sk\/eshop\/wp-json\/wp\/v2\/users\/1"}],"replies":[{"embeddable":true,"href":"https:\/\/www.genexpress.sk\/eshop\/wp-json\/wp\/v2\/comments?post=1698"}],"version-history":[{"count":19,"href":"https:\/\/www.genexpress.sk\/eshop\/wp-json\/wp\/v2\/pages\/1698\/revisions"}],"predecessor-version":[{"id":2056,"href":"https:\/\/www.genexpress.sk\/eshop\/wp-json\/wp\/v2\/pages\/1698\/revisions\/2056"}],"wp:attachment":[{"href":"https:\/\/www.genexpress.sk\/eshop\/wp-json\/wp\/v2\/media?parent=1698"}],"curies":[{"name":"wp","href":"https:\/\/api.w.org\/{rel}","templated":true}]}}