{"id":2498,"date":"2026-02-04T12:10:07","date_gmt":"2026-02-04T12:10:07","guid":{"rendered":"https:\/\/www.genexpress.sk\/eshop\/?page_id=2498"},"modified":"2026-03-12T16:02:45","modified_gmt":"2026-03-12T16:02:45","slug":"zdravie-srdca-ciev-a-mozgu","status":"publish","type":"page","link":"https:\/\/www.genexpress.sk\/eshop\/zdravie-srdca-ciev-a-mozgu\/","title":{"rendered":"Zdravie srdca, ciev a mozgu"},"content":{"rendered":"\t\t<div data-elementor-type=\"wp-page\" data-elementor-id=\"2498\" class=\"elementor elementor-2498\" data-elementor-post-type=\"page\">\n\t\t\t\t<div class=\"elementor-element elementor-element-3e0dd47 e-flex e-con-boxed e-con e-parent\" data-id=\"3e0dd47\" data-element_type=\"container\">\n\t\t\t\t\t<div class=\"e-con-inner\">\n\t\t<div class=\"elementor-element elementor-element-8e77fc8 e-con-full e-flex e-con e-child\" data-id=\"8e77fc8\" data-element_type=\"container\">\n\t\t\t\t<div class=\"elementor-element elementor-element-33f49d0 elementor-widget elementor-widget-text-editor\" data-id=\"33f49d0\" data-element_type=\"widget\" data-widget_type=\"text-editor.default\">\n\t\t\t\t<div class=\"elementor-widget-container\">\n\t\t\t\t\t\t\t\t\t<h5 style=\"text-align: left;\"><span style=\"text-decoration: underline;\"><strong>DNA testy \/ Zdravie srdca, ciev a mozgu<\/strong><\/span><\/h5>\t\t\t\t\t\t\t\t<\/div>\n\t\t\t\t<\/div>\n\t\t\t\t<\/div>\n\t\t<div class=\"elementor-element elementor-element-8335b27 e-con-full e-flex e-con e-child\" data-id=\"8335b27\" data-element_type=\"container\" data-settings=\"{&quot;background_background&quot;:&quot;classic&quot;}\">\n\t\t\t\t<div class=\"elementor-element elementor-element-2205af2 elementor-nav-menu--dropdown-tablet elementor-nav-menu__text-align-aside elementor-nav-menu--toggle elementor-nav-menu--burger elementor-widget elementor-widget-nav-menu\" data-id=\"2205af2\" data-element_type=\"widget\" data-settings=\"{&quot;layout&quot;:&quot;vertical&quot;,&quot;submenu_icon&quot;:{&quot;value&quot;:&quot;&lt;i aria-hidden=\\&quot;true\\&quot; class=\\&quot;\\&quot;&gt;&lt;\\\/i&gt;&quot;,&quot;library&quot;:&quot;&quot;},&quot;toggle&quot;:&quot;burger&quot;}\" data-widget_type=\"nav-menu.default\">\n\t\t\t\t<div class=\"elementor-widget-container\">\n\t\t\t\t\t\t\t\t<nav aria-label=\"Menu\" class=\"elementor-nav-menu--main elementor-nav-menu__container elementor-nav-menu--layout-vertical e--pointer-framed e--animation-fade\">\n\t\t\t\t<ul id=\"menu-1-2205af2\" class=\"elementor-nav-menu sm-vertical\"><li class=\"menu-item menu-item-type-post_type menu-item-object-page menu-item-1428\"><a href=\"https:\/\/www.genexpress.sk\/eshop\/onkologicke-vysetrenia\/\" class=\"elementor-item\">Onkologick\u00e9 vy\u0161etrenia<\/a><\/li>\n<li class=\"menu-item menu-item-type-post_type menu-item-object-page menu-item-1469\"><a href=\"https:\/\/www.genexpress.sk\/eshop\/planovanie-rodicovstva-a-neplodnost\/\" class=\"elementor-item\">Pl\u00e1novanie rodi\u010dovstva a neplodnos\u0165<\/a><\/li>\n<li class=\"menu-item menu-item-type-post_type menu-item-object-page menu-item-2503\"><a href=\"https:\/\/www.genexpress.sk\/eshop\/zdravie-srdca-ciev-a-mozgu\/\" class=\"elementor-item\">Zdravie srdca, ciev a mozgu<\/a><\/li>\n<li class=\"menu-item menu-item-type-post_type menu-item-object-page menu-item-2528\"><a href=\"https:\/\/www.genexpress.sk\/eshop\/neurodegenerativne-ochorenia\/\" class=\"elementor-item\">Neurodegenerat\u00edvne ochorenia<\/a><\/li>\n<li class=\"menu-item menu-item-type-post_type menu-item-object-page menu-item-1546\"><a href=\"https:\/\/www.genexpress.sk\/eshop\/hematologicke-ochorenia\/\" class=\"elementor-item\">Hematologick\u00e9 ochorenia<\/a><\/li>\n<li class=\"menu-item menu-item-type-post_type menu-item-object-page menu-item-1515\"><a href=\"https:\/\/www.genexpress.sk\/eshop\/poruchy-metabolizmu\/\" class=\"elementor-item\">Metabolick\u00e9 ochorenia<\/a><\/li>\n<li class=\"menu-item menu-item-type-post_type menu-item-object-page menu-item-1476\"><a href=\"https:\/\/www.genexpress.sk\/eshop\/ochorenie-sluchu\/\" class=\"elementor-item\">Ochorenia sluchu<\/a><\/li>\n<li class=\"menu-item menu-item-type-post_type menu-item-object-page menu-item-2519\"><a href=\"https:\/\/www.genexpress.sk\/eshop\/kozne-ochorenia\/\" class=\"elementor-item\">Ko\u017en\u00e9 ochorenia<\/a><\/li>\n<li class=\"menu-item menu-item-type-post_type menu-item-object-page menu-item-1490\"><a href=\"https:\/\/www.genexpress.sk\/eshop\/svalove-ochorenia\/\" class=\"elementor-item\">Svalov\u00e9 ochorenia<\/a><\/li>\n<li class=\"menu-item menu-item-type-post_type menu-item-object-page menu-item-1429\"><a href=\"https:\/\/www.genexpress.sk\/eshop\/potravinove-intolerancie-a-celiakia\/\" class=\"elementor-item\">Potravinov\u00e9 intolerancie a celiakia<\/a><\/li>\n<li class=\"menu-item menu-item-type-post_type menu-item-object-page menu-item-1445\"><a href=\"https:\/\/www.genexpress.sk\/eshop\/urcenie-otcovstva\/\" class=\"elementor-item\">Ur\u010denie otcovstva<\/a><\/li>\n<li class=\"menu-item menu-item-type-post_type menu-item-object-page menu-item-1558\"><a href=\"https:\/\/www.genexpress.sk\/eshop\/specialne-vysetrenia\/\" class=\"elementor-item\">\u0160peci\u00e1lne vy\u0161etrenia<\/a><\/li>\n<li class=\"menu-item menu-item-type-post_type menu-item-object-page menu-item-1575\"><a href=\"https:\/\/www.genexpress.sk\/eshop\/ine-zriedkave-ochorenie\/\" class=\"elementor-item\">In\u00e9 zriedkav\u00e9 ochorenia<\/a><\/li>\n<li class=\"menu-item menu-item-type-post_type menu-item-object-page menu-item-2941\"><a href=\"https:\/\/www.genexpress.sk\/eshop\/opakovany-odber-bs\/\" class=\"elementor-item\">Opakovan\u00fd odber (BS)<\/a><\/li>\n<\/ul>\t\t\t<\/nav>\n\t\t\t\t\t<div class=\"elementor-menu-toggle\" role=\"button\" tabindex=\"0\" aria-label=\"Menu Toggle\" aria-expanded=\"false\">\n\t\t\t<svg aria-hidden=\"true\" role=\"presentation\" class=\"elementor-menu-toggle__icon--open e-font-icon-svg e-far-plus-square\" viewBox=\"0 0 448 512\" xmlns=\"http:\/\/www.w3.org\/2000\/svg\"><path d=\"M352 240v32c0 6.6-5.4 12-12 12h-88v88c0 6.6-5.4 12-12 12h-32c-6.6 0-12-5.4-12-12v-88h-88c-6.6 0-12-5.4-12-12v-32c0-6.6 5.4-12 12-12h88v-88c0-6.6 5.4-12 12-12h32c6.6 0 12 5.4 12 12v88h88c6.6 0 12 5.4 12 12zm96-160v352c0 26.5-21.5 48-48 48H48c-26.5 0-48-21.5-48-48V80c0-26.5 21.5-48 48-48h352c26.5 0 48 21.5 48 48zm-48 346V86c0-3.3-2.7-6-6-6H54c-3.3 0-6 2.7-6 6v340c0 3.3 2.7 6 6 6h340c3.3 0 6-2.7 6-6z\"><\/path><\/svg><svg aria-hidden=\"true\" role=\"presentation\" class=\"elementor-menu-toggle__icon--close e-font-icon-svg e-eicon-close\" viewBox=\"0 0 1000 1000\" xmlns=\"http:\/\/www.w3.org\/2000\/svg\"><path d=\"M742 167L500 408 258 167C246 154 233 150 217 150 196 150 179 158 167 167 154 179 150 196 150 212 150 229 154 242 171 254L408 500 167 742C138 771 138 800 167 829 196 858 225 858 254 829L496 587 738 829C750 842 767 846 783 846 800 846 817 842 829 829 842 817 846 804 846 783 846 767 842 750 829 737L588 500 833 258C863 229 863 200 833 171 804 137 775 137 742 167Z\"><\/path><\/svg>\t\t<\/div>\n\t\t\t\t\t<nav class=\"elementor-nav-menu--dropdown elementor-nav-menu__container\" aria-hidden=\"true\">\n\t\t\t\t<ul id=\"menu-2-2205af2\" class=\"elementor-nav-menu sm-vertical\"><li class=\"menu-item menu-item-type-post_type menu-item-object-page menu-item-1428\"><a href=\"https:\/\/www.genexpress.sk\/eshop\/onkologicke-vysetrenia\/\" class=\"elementor-item\" tabindex=\"-1\">Onkologick\u00e9 vy\u0161etrenia<\/a><\/li>\n<li class=\"menu-item menu-item-type-post_type menu-item-object-page menu-item-1469\"><a href=\"https:\/\/www.genexpress.sk\/eshop\/planovanie-rodicovstva-a-neplodnost\/\" class=\"elementor-item\" tabindex=\"-1\">Pl\u00e1novanie rodi\u010dovstva a neplodnos\u0165<\/a><\/li>\n<li class=\"menu-item menu-item-type-post_type menu-item-object-page menu-item-2503\"><a href=\"https:\/\/www.genexpress.sk\/eshop\/zdravie-srdca-ciev-a-mozgu\/\" class=\"elementor-item\" tabindex=\"-1\">Zdravie srdca, ciev a mozgu<\/a><\/li>\n<li class=\"menu-item menu-item-type-post_type menu-item-object-page menu-item-2528\"><a href=\"https:\/\/www.genexpress.sk\/eshop\/neurodegenerativne-ochorenia\/\" class=\"elementor-item\" tabindex=\"-1\">Neurodegenerat\u00edvne ochorenia<\/a><\/li>\n<li class=\"menu-item menu-item-type-post_type menu-item-object-page menu-item-1546\"><a href=\"https:\/\/www.genexpress.sk\/eshop\/hematologicke-ochorenia\/\" class=\"elementor-item\" tabindex=\"-1\">Hematologick\u00e9 ochorenia<\/a><\/li>\n<li class=\"menu-item menu-item-type-post_type menu-item-object-page menu-item-1515\"><a href=\"https:\/\/www.genexpress.sk\/eshop\/poruchy-metabolizmu\/\" class=\"elementor-item\" tabindex=\"-1\">Metabolick\u00e9 ochorenia<\/a><\/li>\n<li class=\"menu-item menu-item-type-post_type menu-item-object-page menu-item-1476\"><a href=\"https:\/\/www.genexpress.sk\/eshop\/ochorenie-sluchu\/\" class=\"elementor-item\" tabindex=\"-1\">Ochorenia sluchu<\/a><\/li>\n<li class=\"menu-item menu-item-type-post_type menu-item-object-page menu-item-2519\"><a href=\"https:\/\/www.genexpress.sk\/eshop\/kozne-ochorenia\/\" class=\"elementor-item\" tabindex=\"-1\">Ko\u017en\u00e9 ochorenia<\/a><\/li>\n<li class=\"menu-item menu-item-type-post_type menu-item-object-page menu-item-1490\"><a href=\"https:\/\/www.genexpress.sk\/eshop\/svalove-ochorenia\/\" class=\"elementor-item\" tabindex=\"-1\">Svalov\u00e9 ochorenia<\/a><\/li>\n<li class=\"menu-item menu-item-type-post_type menu-item-object-page menu-item-1429\"><a href=\"https:\/\/www.genexpress.sk\/eshop\/potravinove-intolerancie-a-celiakia\/\" class=\"elementor-item\" tabindex=\"-1\">Potravinov\u00e9 intolerancie a celiakia<\/a><\/li>\n<li class=\"menu-item menu-item-type-post_type menu-item-object-page menu-item-1445\"><a href=\"https:\/\/www.genexpress.sk\/eshop\/urcenie-otcovstva\/\" class=\"elementor-item\" tabindex=\"-1\">Ur\u010denie otcovstva<\/a><\/li>\n<li class=\"menu-item menu-item-type-post_type menu-item-object-page menu-item-1558\"><a href=\"https:\/\/www.genexpress.sk\/eshop\/specialne-vysetrenia\/\" class=\"elementor-item\" tabindex=\"-1\">\u0160peci\u00e1lne vy\u0161etrenia<\/a><\/li>\n<li class=\"menu-item menu-item-type-post_type menu-item-object-page menu-item-1575\"><a href=\"https:\/\/www.genexpress.sk\/eshop\/ine-zriedkave-ochorenie\/\" class=\"elementor-item\" tabindex=\"-1\">In\u00e9 zriedkav\u00e9 ochorenia<\/a><\/li>\n<li class=\"menu-item menu-item-type-post_type menu-item-object-page menu-item-2941\"><a href=\"https:\/\/www.genexpress.sk\/eshop\/opakovany-odber-bs\/\" class=\"elementor-item\" tabindex=\"-1\">Opakovan\u00fd odber (BS)<\/a><\/li>\n<\/ul>\t\t\t<\/nav>\n\t\t\t\t\t\t<\/div>\n\t\t\t\t<\/div>\n\t\t\t\t<\/div>\n\t\t<div class=\"elementor-element elementor-element-2d21df1 e-con-full e-flex e-con e-child\" data-id=\"2d21df1\" data-element_type=\"container\">\n\t\t\t\t<div class=\"elementor-element elementor-element-98997bb elementor-widget__width-inherit elementor-widget-tablet__width-inherit elementor-cta--valign-middle elementor-cta--skin-classic elementor-animated-content elementor-bg-transform elementor-bg-transform-zoom-in elementor-widget elementor-widget-call-to-action\" data-id=\"98997bb\" data-element_type=\"widget\" data-widget_type=\"call-to-action.default\">\n\t\t\t\t<div class=\"elementor-widget-container\">\n\t\t\t\t\t\t\t<a class=\"elementor-cta\" href=\"https:\/\/www.genexpress.sk\/eshop\/produkt\/kardiovaskularne-ochor-a-trombofilia\/\">\n\t\t\t\t\t<div class=\"elementor-cta__bg-wrapper\">\n\t\t\t\t<div class=\"elementor-cta__bg elementor-bg\" style=\"background-image: url(https:\/\/www.genexpress.sk\/eshop\/wp-content\/uploads\/2026\/02\/Dizajn-bez-nazvu-6-1024x585.png);\" role=\"img\" aria-label=\"Kardiovaskul\u00e1rne ochor. a trombof\u00edlia\"><\/div>\n\t\t\t\t<div class=\"elementor-cta__bg-overlay\"><\/div>\n\t\t\t<\/div>\n\t\t\t\t\t\t\t<div class=\"elementor-cta__content\">\n\t\t\t\t\n\t\t\t\t\t\t\t\t\t<h2 class=\"elementor-cta__title elementor-cta__content-item elementor-content-item\">\n\t\t\t\t\t\tKardiovaskul\u00e1rne ochor. a trombof\u00edlia\t\t\t\t\t<\/h2>\n\t\t\t\t\n\t\t\t\t\n\t\t\t\t\t\t\t\t\t<div class=\"elementor-cta__button-wrapper elementor-cta__content-item elementor-content-item \">\n\t\t\t\t\t<span class=\"elementor-cta__button elementor-button elementor-size-\">\n\t\t\t\t\t\tM\u00e1m Z\u00e1ujem\t\t\t\t\t<\/span>\n\t\t\t\t\t<\/div>\n\t\t\t\t\t\t\t<\/div>\n\t\t\t\t\t\t\t<div class=\"elementor-ribbon elementor-ribbon-left\">\n\t\t\t\t<div class=\"elementor-ribbon-inner\">\n\t\t\t\t\t155,-\u20ac\t\t\t\t<\/div>\n\t\t\t<\/div>\n\t\t\t\t<\/a>\n\t\t\t\t\t\t<\/div>\n\t\t\t\t<\/div>\n\t\t\t\t<\/div>\n\t\t<div class=\"elementor-element elementor-element-0de748b e-con-full e-flex e-con e-child\" data-id=\"0de748b\" data-element_type=\"container\">\n\t\t\t\t<div class=\"elementor-element elementor-element-8cd8055 elementor-widget__width-inherit elementor-widget-tablet__width-inherit elementor-cta--valign-middle elementor-cta--skin-classic elementor-animated-content elementor-bg-transform elementor-bg-transform-zoom-in elementor-widget elementor-widget-call-to-action\" data-id=\"8cd8055\" data-element_type=\"widget\" data-widget_type=\"call-to-action.default\">\n\t\t\t\t<div class=\"elementor-widget-container\">\n\t\t\t\t\t\t\t<a class=\"elementor-cta\" href=\"https:\/\/www.genexpress.sk\/eshop\/produkt\/alzheimerova-choroba-apo-e\/\">\n\t\t\t\t\t<div class=\"elementor-cta__bg-wrapper\">\n\t\t\t\t<div class=\"elementor-cta__bg elementor-bg\" style=\"background-image: url(https:\/\/www.genexpress.sk\/eshop\/wp-content\/uploads\/2026\/02\/Dizajn-bez-nazvu-7-1024x585.png);\" role=\"img\" aria-label=\"Alzheimerova choroba \/APO E\/\"><\/div>\n\t\t\t\t<div class=\"elementor-cta__bg-overlay\"><\/div>\n\t\t\t<\/div>\n\t\t\t\t\t\t\t<div class=\"elementor-cta__content\">\n\t\t\t\t\n\t\t\t\t\t\t\t\t\t<h2 class=\"elementor-cta__title elementor-cta__content-item elementor-content-item\">\n\t\t\t\t\t\tAlzheimerova choroba \/APO E\/\t\t\t\t\t<\/h2>\n\t\t\t\t\n\t\t\t\t\n\t\t\t\t\t\t\t\t\t<div class=\"elementor-cta__button-wrapper elementor-cta__content-item elementor-content-item \">\n\t\t\t\t\t<span class=\"elementor-cta__button elementor-button elementor-size-\">\n\t\t\t\t\t\tM\u00e1m Z\u00e1ujem\t\t\t\t\t<\/span>\n\t\t\t\t\t<\/div>\n\t\t\t\t\t\t\t<\/div>\n\t\t\t\t\t\t\t<div class=\"elementor-ribbon elementor-ribbon-left\">\n\t\t\t\t<div class=\"elementor-ribbon-inner\">\n\t\t\t\t\t100,-\u20ac\t\t\t\t<\/div>\n\t\t\t<\/div>\n\t\t\t\t<\/a>\n\t\t\t\t\t\t<\/div>\n\t\t\t\t<\/div>\n\t\t\t\t<\/div>\n\t\t\t\t\t<\/div>\n\t\t\t\t<\/div>\n\t\t\t\t<\/div>\n\t\t","protected":false},"excerpt":{"rendered":"<p>DNA testy \/ Zdravie srdca, ciev a mozgu Kardiovaskul\u00e1rne ochor. a trombof\u00edlia M\u00e1m Z\u00e1ujem 155,-\u20ac Alzheimerova choroba \/APO E\/ M\u00e1m Z\u00e1ujem 100,-\u20ac<\/p>\n","protected":false},"author":1,"featured_media":0,"parent":0,"menu_order":0,"comment_status":"closed","ping_status":"closed","template":"elementor_header_footer","meta":{"_seopress_robots_primary_cat":"","_seopress_titles_title":"Genetick\u00e9 testy kardiovaskul\u00e1rnych a neurodegenerat\u00edvnych ochoren\u00ed | Genexpress","_seopress_titles_desc":"Genexpress pon\u00faka genetick\u00e9 testy na identifik\u00e1ciu rizika kardiovaskul\u00e1rnych ochoren\u00ed, ako s\u00fa srdcov\u00e9 a cievne choroby, a neurodegenerat\u00edvnych ochoren\u00ed, vr\u00e1tane Alzheimerovej choroby. Odborn\u00e9 poradenstvo a presn\u00e9 v\u00fdsledky.","_seopress_robots_index":"","footnotes":""},"class_list":["post-2498","page","type-page","status-publish","hentry"],"_links":{"self":[{"href":"https:\/\/www.genexpress.sk\/eshop\/wp-json\/wp\/v2\/pages\/2498","targetHints":{"allow":["GET"]}}],"collection":[{"href":"https:\/\/www.genexpress.sk\/eshop\/wp-json\/wp\/v2\/pages"}],"about":[{"href":"https:\/\/www.genexpress.sk\/eshop\/wp-json\/wp\/v2\/types\/page"}],"author":[{"embeddable":true,"href":"https:\/\/www.genexpress.sk\/eshop\/wp-json\/wp\/v2\/users\/1"}],"replies":[{"embeddable":true,"href":"https:\/\/www.genexpress.sk\/eshop\/wp-json\/wp\/v2\/comments?post=2498"}],"version-history":[{"count":28,"href":"https:\/\/www.genexpress.sk\/eshop\/wp-json\/wp\/v2\/pages\/2498\/revisions"}],"predecessor-version":[{"id":3441,"href":"https:\/\/www.genexpress.sk\/eshop\/wp-json\/wp\/v2\/pages\/2498\/revisions\/3441"}],"wp:attachment":[{"href":"https:\/\/www.genexpress.sk\/eshop\/wp-json\/wp\/v2\/media?parent=2498"}],"curies":[{"name":"wp","href":"https:\/\/api.w.org\/{rel}","templated":true}]}}