{"id":2906,"date":"2026-02-09T15:47:00","date_gmt":"2026-02-09T15:47:00","guid":{"rendered":"https:\/\/www.genexpress.sk\/eshop\/?page_id=2906"},"modified":"2026-03-09T13:54:46","modified_gmt":"2026-03-09T13:54:46","slug":"opakovany-odber-bs","status":"publish","type":"page","link":"https:\/\/www.genexpress.sk\/eshop\/opakovany-odber-bs\/","title":{"rendered":"Opakovan\u00fd odber (BS)"},"content":{"rendered":"\t\t<div data-elementor-type=\"wp-page\" data-elementor-id=\"2906\" class=\"elementor elementor-2906\" data-elementor-post-type=\"page\">\n\t\t\t\t<div class=\"elementor-element elementor-element-cfec843 e-flex e-con-boxed e-con e-parent\" data-id=\"cfec843\" data-element_type=\"container\">\n\t\t\t\t\t<div class=\"e-con-inner\">\n\t\t<div class=\"elementor-element elementor-element-37156ca e-con-full elementor-hidden-mobile e-flex e-con e-child\" data-id=\"37156ca\" data-element_type=\"container\">\n\t\t\t\t<div class=\"elementor-element elementor-element-1381196 elementor-hidden-mobile elementor-widget elementor-widget-breadcrumb\" data-id=\"1381196\" data-element_type=\"widget\" data-widget_type=\"breadcrumb.default\">\n\t\t\t\t<div class=\"elementor-widget-container\">\n\t\t\t\t\t<nav class=\"woocommerce-breadcrumb\" aria-label=\"Breadcrumb\">Domov<\/nav>\t\t\t\t<\/div>\n\t\t\t\t<\/div>\n\t\t\t\t<\/div>\n\t\t\t\t\t<\/div>\n\t\t\t\t<\/div>\n\t\t<div class=\"elementor-element elementor-element-23012f7 e-flex e-con-boxed e-con e-parent\" data-id=\"23012f7\" data-element_type=\"container\" data-settings=\"{&quot;background_background&quot;:&quot;classic&quot;}\">\n\t\t\t\t\t<div class=\"e-con-inner\">\n\t\t<div class=\"elementor-element elementor-element-08ec600 e-con-full e-flex e-con e-child\" data-id=\"08ec600\" data-element_type=\"container\">\n\t\t\t\t<div class=\"elementor-element elementor-element-14bb9e7 elementor-widget elementor-widget-image\" data-id=\"14bb9e7\" data-element_type=\"widget\" data-widget_type=\"image.default\">\n\t\t\t\t<div class=\"elementor-widget-container\">\n\t\t\t\t\t\t\t\t\t\t\t\t\t\t\t<img fetchpriority=\"high\" decoding=\"async\" width=\"2000\" height=\"1656\" src=\"https:\/\/www.genexpress.sk\/eshop\/wp-content\/uploads\/2025\/06\/ziadanka-ilustracia.png\" class=\"attachment-full size-full wp-image-1652\" alt=\"genexpress ziadanka\" srcset=\"https:\/\/www.genexpress.sk\/eshop\/wp-content\/uploads\/2025\/06\/ziadanka-ilustracia.png 2000w, https:\/\/www.genexpress.sk\/eshop\/wp-content\/uploads\/2025\/06\/ziadanka-ilustracia-600x497.png 600w, https:\/\/www.genexpress.sk\/eshop\/wp-content\/uploads\/2025\/06\/ziadanka-ilustracia-300x248.png 300w, https:\/\/www.genexpress.sk\/eshop\/wp-content\/uploads\/2025\/06\/ziadanka-ilustracia-1024x848.png 1024w, https:\/\/www.genexpress.sk\/eshop\/wp-content\/uploads\/2025\/06\/ziadanka-ilustracia-768x636.png 768w, https:\/\/www.genexpress.sk\/eshop\/wp-content\/uploads\/2025\/06\/ziadanka-ilustracia-1536x1272.png 1536w\" sizes=\"(max-width: 2000px) 100vw, 2000px\" \/>\t\t\t\t\t\t\t\t\t\t\t\t\t\t\t<\/div>\n\t\t\t\t<\/div>\n\t\t\t\t<\/div>\n\t\t<div class=\"elementor-element elementor-element-d61f752 e-con-full e-flex e-con e-child\" data-id=\"d61f752\" data-element_type=\"container\">\n\t\t\t\t<div class=\"elementor-element elementor-element-d72659e elementor-widget elementor-widget-heading\" data-id=\"d72659e\" data-element_type=\"widget\" data-widget_type=\"heading.default\">\n\t\t\t\t<div class=\"elementor-widget-container\">\n\t\t\t\t\t<h2 class=\"elementor-heading-title elementor-size-default\">Opakovan\u00fd odber (BS)<\/h2>\t\t\t\t<\/div>\n\t\t\t\t<\/div>\n\t\t\t\t<div class=\"elementor-element elementor-element-499a209 elementor-widget elementor-widget-heading\" data-id=\"499a209\" data-element_type=\"widget\" data-widget_type=\"heading.default\">\n\t\t\t\t<div class=\"elementor-widget-container\">\n\t\t\t\t\t<h2 class=\"elementor-heading-title elementor-size-default\">20,00\u20ac<\/h2>\t\t\t\t<\/div>\n\t\t\t\t<\/div>\n\t\t\t\t<div class=\"elementor-element elementor-element-02648f6 elementor-widget elementor-widget-text-editor\" data-id=\"02648f6\" data-element_type=\"widget\" data-widget_type=\"text-editor.default\">\n\t\t\t\t<div class=\"elementor-widget-container\">\n\t\t\t\t\t\t\t\t\t<p>V\u00a0pr\u00edpade nekvalitn\u00e9ho odberu \/BS\/ je potrebn\u00e9 odber zopakova\u0165.<\/p><div data-olk-copy-source=\"MessageBody\">N\u00e1klady 1. opakovan\u00e9ho odberu vo v\u00fd\u0161ke 20 Eur nie s\u00fa zahrnut\u00e9 v cene vy\u0161etrenia.\u00a0<\/div><div>V pr\u00edpade 2. a \u010fal\u0161ieho odberu je potrebn\u00e9 objedna\u0165 nov\u00fd genetick\u00fd test za cenu pod\u013ea cenn\u00edka.\u00a0<\/div>\t\t\t\t\t\t\t\t<\/div>\n\t\t\t\t<\/div>\n\t\t\t\t<div class=\"elementor-element elementor-element-8021031 elementor-widget elementor-widget-wc-add-to-cart\" data-id=\"8021031\" data-element_type=\"widget\" data-widget_type=\"wc-add-to-cart.default\">\n\t\t\t\t<div class=\"elementor-widget-container\">\n\t\t\t\t\t\n\t\n\t<form class=\"cart\" action=\"https:\/\/www.genexpress.sk\/eshop\/produkt\/opakovany-odber-bs\/\" method=\"post\" enctype='multipart\/form-data'>\n\t\t\n\t\t<div class=\"quantity\">\n\t\t<label class=\"screen-reader-text\" for=\"quantity_69ef585ef1f3a\">mno\u017estvo Opakovan\u00fd odber (BS)<\/label>\n\t<input\n\t\ttype=\"number\"\n\t\t\t\tid=\"quantity_69ef585ef1f3a\"\n\t\tclass=\"input-text qty text\"\n\t\tname=\"quantity\"\n\t\tvalue=\"1\"\n\t\taria-label=\"Mno\u017estvo produktu\"\n\t\t\t\tmin=\"1\"\n\t\t\t\t\t\t\tstep=\"1\"\n\t\t\tplaceholder=\"\"\n\t\t\tinputmode=\"numeric\"\n\t\t\tautocomplete=\"off\"\n\t\t\t\/>\n\t<\/div>\n\n\t\t<button type=\"submit\" name=\"add-to-cart\" value=\"2903\" class=\"single_add_to_cart_button elementor-button button alt\">\t\t<span class=\"elementor-button-content-wrapper\">\n\t\t\t\t\t\t\t\t\t<span class=\"elementor-button-text\">Prida\u0165 do ko\u0161\u00edka<\/span>\n\t\t\t\t\t<\/span>\n\t\t<\/button>\n\n\t\t\t<\/form>\n\n\t\n\t\t\t\t<\/div>\n\t\t\t\t<\/div>\n\t\t\t\t<\/div>\n\t\t\t\t\t<\/div>\n\t\t\t\t<\/div>\n\t\t\t\t<\/div>\n\t\t","protected":false},"excerpt":{"rendered":"<p>Domov Opakovan\u00fd odber (BS) 20,00\u20ac V\u00a0pr\u00edpade nekvalitn\u00e9ho odberu \/BS\/ je potrebn\u00e9 odber zopakova\u0165. N\u00e1klady 1. opakovan\u00e9ho odberu vo v\u00fd\u0161ke 20 Eur nie s\u00fa zahrnut\u00e9 v cene vy\u0161etrenia.\u00a0V pr\u00edpade 2. a \u010fal\u0161ieho odberu je potrebn\u00e9 objedna\u0165 nov\u00fd genetick\u00fd test za cenu pod\u013ea cenn\u00edka.\u00a0 mno\u017estvo Opakovan\u00fd odber (BS) Prida\u0165 do ko\u0161\u00edka<\/p>\n","protected":false},"author":1,"featured_media":0,"parent":0,"menu_order":0,"comment_status":"closed","ping_status":"closed","template":"elementor_header_footer","meta":{"_seopress_robots_primary_cat":"","_seopress_titles_title":"","_seopress_titles_desc":"","_seopress_robots_index":"","footnotes":""},"class_list":["post-2906","page","type-page","status-publish","hentry"],"_links":{"self":[{"href":"https:\/\/www.genexpress.sk\/eshop\/wp-json\/wp\/v2\/pages\/2906","targetHints":{"allow":["GET"]}}],"collection":[{"href":"https:\/\/www.genexpress.sk\/eshop\/wp-json\/wp\/v2\/pages"}],"about":[{"href":"https:\/\/www.genexpress.sk\/eshop\/wp-json\/wp\/v2\/types\/page"}],"author":[{"embeddable":true,"href":"https:\/\/www.genexpress.sk\/eshop\/wp-json\/wp\/v2\/users\/1"}],"replies":[{"embeddable":true,"href":"https:\/\/www.genexpress.sk\/eshop\/wp-json\/wp\/v2\/comments?post=2906"}],"version-history":[{"count":34,"href":"https:\/\/www.genexpress.sk\/eshop\/wp-json\/wp\/v2\/pages\/2906\/revisions"}],"predecessor-version":[{"id":3474,"href":"https:\/\/www.genexpress.sk\/eshop\/wp-json\/wp\/v2\/pages\/2906\/revisions\/3474"}],"wp:attachment":[{"href":"https:\/\/www.genexpress.sk\/eshop\/wp-json\/wp\/v2\/media?parent=2906"}],"curies":[{"name":"wp","href":"https:\/\/api.w.org\/{rel}","templated":true}]}}