{"id":675,"date":"2025-06-17T11:03:01","date_gmt":"2025-06-17T11:03:01","guid":{"rendered":"https:\/\/test.genexpress.sk\/?page_id=675"},"modified":"2026-03-12T15:45:55","modified_gmt":"2026-03-12T15:45:55","slug":"dokumenty","status":"publish","type":"page","link":"https:\/\/www.genexpress.sk\/eshop\/dokumenty\/","title":{"rendered":"DOKUMENTY"},"content":{"rendered":"\t\t<div data-elementor-type=\"wp-page\" data-elementor-id=\"675\" class=\"elementor elementor-675\" data-elementor-post-type=\"page\">\n\t\t\t\t<div class=\"elementor-element elementor-element-242febf e-flex e-con-boxed e-con e-parent\" data-id=\"242febf\" data-element_type=\"container\" data-settings=\"{&quot;background_background&quot;:&quot;classic&quot;}\">\n\t\t\t\t\t<div class=\"e-con-inner\">\n\t\t\t\t<div class=\"elementor-element elementor-element-afb8e0b elementor-widget elementor-widget-heading\" data-id=\"afb8e0b\" data-element_type=\"widget\" data-widget_type=\"heading.default\">\n\t\t\t\t<div class=\"elementor-widget-container\">\n\t\t\t\t\t<h4 class=\"elementor-heading-title elementor-size-default\">DOKUMENTY<\/h4>\t\t\t\t<\/div>\n\t\t\t\t<\/div>\n\t\t\t\t\t<\/div>\n\t\t\t\t<\/div>\n\t\t\t\t<section class=\"elementor-section elementor-top-section elementor-element elementor-element-16284934 elementor-section-boxed elementor-section-height-default elementor-section-height-default\" data-id=\"16284934\" data-element_type=\"section\" data-settings=\"{&quot;background_background&quot;:&quot;classic&quot;}\">\n\t\t\t\t\t\t<div class=\"elementor-container elementor-column-gap-default\">\n\t\t\t\t\t<div class=\"elementor-column elementor-col-100 elementor-top-column elementor-element elementor-element-239116f8\" data-id=\"239116f8\" data-element_type=\"column\">\n\t\t\t<div class=\"elementor-widget-wrap elementor-element-populated\">\n\t\t\t\t\t\t<section class=\"elementor-section elementor-inner-section elementor-element elementor-element-6f3c409a elementor-section-boxed elementor-section-height-default elementor-section-height-default\" data-id=\"6f3c409a\" data-element_type=\"section\" data-settings=\"{&quot;background_background&quot;:&quot;classic&quot;}\">\n\t\t\t\t\t\t<div class=\"elementor-container elementor-column-gap-default\">\n\t\t\t\t\t<div class=\"elementor-column elementor-col-50 elementor-inner-column elementor-element elementor-element-1726cf9\" data-id=\"1726cf9\" data-element_type=\"column\">\n\t\t\t<div class=\"elementor-widget-wrap elementor-element-populated\">\n\t\t\t\t\t\t<div class=\"elementor-element elementor-element-3f79303c elementor-widget elementor-widget-price-list\" data-id=\"3f79303c\" data-element_type=\"widget\" data-widget_type=\"price-list.default\">\n\t\t\t\t<div class=\"elementor-widget-container\">\n\t\t\t\t\t\n\t\t<ul class=\"elementor-price-list\">\n\n\t\t\t\t\t\t\t\t\t<li><a class=\"elementor-price-list-item\" href=\"https:\/\/www.genexpress.sk\/eshop\/wp-content\/uploads\/2026\/02\/Ziadanka-o-geneticke-vysetrenie_SAMOPLATCA_6.3.2026.pdf\">\t\t\t\t\n\t\t\t\t<div class=\"elementor-price-list-text\">\n\t\t\t\t\t\t\t\t\t<div class=\"elementor-price-list-header\">\n\t\t\t\t\t\t\t\t\t\t\t<span class=\"elementor-price-list-title\">\n\t\t\t\t\t\t\t\u017diadanka o genetick\u00e9 vy\u0161etrenie - samoplatca\t\t\t\t\t\t<\/span>\n\t\t\t\t\t\t\t\t\t\t\t\t\t\t\t\t\t\t\t\t\t\t\t\t<span class=\"elementor-price-list-price\"><img decoding=\"async\" src=\"https:\/\/www.genexpress.sk\/eshop\/wp-content\/uploads\/2025\/06\/file-download-1.png\" alt=\"Ikonka stiahnutia\" width=\"24\" height=\"24\"><\/span>\n\t\t\t\t\t\t\t\t\t\t<\/div>\n\t\t\t\t\t\t\t\t\t\t\t\t<\/div>\n\t\t\t\t<\/a><\/li>\t\t\t\t\t\t\t\t\t\t\t\t<li><a class=\"elementor-price-list-item\" href=\"https:\/\/www.genexpress.sk\/eshop\/wp-content\/uploads\/2025\/06\/ZIADANKA_o_geneticke_vysetrenie_GENEXPRESS_v2_8_10_2024.pdf\">\t\t\t\t\n\t\t\t\t<div class=\"elementor-price-list-text\">\n\t\t\t\t\t\t\t\t\t<div class=\"elementor-price-list-header\">\n\t\t\t\t\t\t\t\t\t\t\t<span class=\"elementor-price-list-title\">\n\t\t\t\t\t\t\t\u017diadanka o genetick\u00e9 vy\u0161etrenie - pre lek\u00e1rov\t\t\t\t\t\t<\/span>\n\t\t\t\t\t\t\t\t\t\t\t\t\t\t\t\t\t\t\t\t\t\t\t\t<span class=\"elementor-price-list-price\"><img decoding=\"async\" src=\"https:\/\/www.genexpress.sk\/eshop\/wp-content\/uploads\/2025\/06\/file-download-1.png\" alt=\"Ikonka stiahnutia\" width=\"24\" height=\"24\"><\/span>\n\t\t\t\t\t\t\t\t\t\t<\/div>\n\t\t\t\t\t\t\t\t\t\t\t\t<\/div>\n\t\t\t\t<\/a><\/li>\t\t\t\t\t\t\t\t\t\t\t\t<li><a class=\"elementor-price-list-item\" href=\"https:\/\/www.genexpress.sk\/eshop\/wp-content\/uploads\/2026\/02\/Cennik-DNA-testov_1.2.2026.pdf\">\t\t\t\t\n\t\t\t\t<div class=\"elementor-price-list-text\">\n\t\t\t\t\t\t\t\t\t<div class=\"elementor-price-list-header\">\n\t\t\t\t\t\t\t\t\t\t\t<span class=\"elementor-price-list-title\">\n\t\t\t\t\t\t\tCenn\u00edk DNA testov - samoplatca\t\t\t\t\t\t<\/span>\n\t\t\t\t\t\t\t\t\t\t\t\t\t\t\t\t\t\t\t\t\t\t\t\t<span class=\"elementor-price-list-price\"><img decoding=\"async\" src=\"https:\/\/www.genexpress.sk\/eshop\/wp-content\/uploads\/2025\/06\/file-download-1.png\" alt=\"Ikonka stiahnutia\" width=\"24\" height=\"24\"><\/span>\n\t\t\t\t\t\t\t\t\t\t<\/div>\n\t\t\t\t\t\t\t\t\t\t\t\t<\/div>\n\t\t\t\t<\/a><\/li>\t\t\t\t\t\t\t\t\t\t\t\t<li><a class=\"elementor-price-list-item\" href=\"https:\/\/www.genexpress.sk\/eshop\/wp-content\/uploads\/2026\/03\/Navod-na-odber-bukalneho-steru.pdf\">\t\t\t\t\n\t\t\t\t<div class=\"elementor-price-list-text\">\n\t\t\t\t\t\t\t\t\t<div class=\"elementor-price-list-header\">\n\t\t\t\t\t\t\t\t\t\t\t<span class=\"elementor-price-list-title\">\n\t\t\t\t\t\t\tN\u00e1vod na odber buk\u00e1lneho steru\t\t\t\t\t\t<\/span>\n\t\t\t\t\t\t\t\t\t\t\t\t\t\t\t\t\t\t\t\t\t\t\t\t<span class=\"elementor-price-list-price\"><img decoding=\"async\" src=\"https:\/\/www.genexpress.sk\/eshop\/wp-content\/uploads\/2025\/06\/file-download-1.png\" alt=\"Ikonka stiahnutia\" width=\"24\" height=\"24\"><\/span>\n\t\t\t\t\t\t\t\t\t\t<\/div>\n\t\t\t\t\t\t\t\t\t\t\t\t<\/div>\n\t\t\t\t<\/a><\/li>\t\t\t\t\t\t\t\t\t\t\t\t<li><a class=\"elementor-price-list-item\" href=\"https:\/\/www.genexpress.sk\/eshop\/wp-content\/uploads\/2025\/08\/IS16_Laboratorna-prirucka.pdf\">\t\t\t\t\n\t\t\t\t<div class=\"elementor-price-list-text\">\n\t\t\t\t\t\t\t\t\t<div class=\"elementor-price-list-header\">\n\t\t\t\t\t\t\t\t\t\t\t<span class=\"elementor-price-list-title\">\n\t\t\t\t\t\t\tLaborat\u00f3rna pr\u00edru\u010dka\t\t\t\t\t\t<\/span>\n\t\t\t\t\t\t\t\t\t\t\t\t\t\t\t\t\t\t\t\t\t\t\t\t<span class=\"elementor-price-list-price\"><img decoding=\"async\" src=\"https:\/\/www.genexpress.sk\/eshop\/wp-content\/uploads\/2025\/06\/file-download-1.png\" alt=\"Ikonka stiahnutia\" width=\"24\" height=\"24\"><\/span>\n\t\t\t\t\t\t\t\t\t\t<\/div>\n\t\t\t\t\t\t\t\t\t\t\t\t<\/div>\n\t\t\t\t<\/a><\/li>\t\t\t\t\t\t\t\t\t\t\t\t<li><a class=\"elementor-price-list-item\" href=\"https:\/\/www.genexpress.sk\/eshop\/wp-content\/uploads\/2025\/08\/IS18_Ochrana-osobnych-udajov.pdf\">\t\t\t\t\n\t\t\t\t<div class=\"elementor-price-list-text\">\n\t\t\t\t\t\t\t\t\t<div class=\"elementor-price-list-header\">\n\t\t\t\t\t\t\t\t\t\t\t<span class=\"elementor-price-list-title\">\n\t\t\t\t\t\t\tOchrana osobn\u00fdch \u00fadajov\t\t\t\t\t\t<\/span>\n\t\t\t\t\t\t\t\t\t\t\t\t\t\t\t\t\t\t\t\t\t\t\t\t<span class=\"elementor-price-list-price\"><img decoding=\"async\" src=\"https:\/\/www.genexpress.sk\/eshop\/wp-content\/uploads\/2025\/06\/file-download-1.png\" alt=\"Ikonka stiahnutia\" width=\"24\" height=\"24\"><\/span>\n\t\t\t\t\t\t\t\t\t\t<\/div>\n\t\t\t\t\t\t\t\t\t\t\t\t<\/div>\n\t\t\t\t<\/a><\/li>\t\t\t\t\t\t\t\t\t\t\t\t<li><a class=\"elementor-price-list-item\" href=\"https:\/\/www.genexpress.sk\/eshop\/wp-content\/uploads\/2025\/10\/Osvedcenie-o-akreditacii.pdf\">\t\t\t\t\n\t\t\t\t<div class=\"elementor-price-list-text\">\n\t\t\t\t\t\t\t\t\t<div class=\"elementor-price-list-header\">\n\t\t\t\t\t\t\t\t\t\t\t<span class=\"elementor-price-list-title\">\n\t\t\t\t\t\t\tOsved\u010denie o akredit\u00e1cii SK\t\t\t\t\t\t<\/span>\n\t\t\t\t\t\t\t\t\t\t\t\t\t\t\t\t\t\t\t\t\t\t\t\t<span class=\"elementor-price-list-price\"><img decoding=\"async\" src=\"https:\/\/www.genexpress.sk\/eshop\/wp-content\/uploads\/2025\/06\/file-download-1.png\" alt=\"Ikonka stiahnutia\" width=\"24\" height=\"24\"><\/span>\n\t\t\t\t\t\t\t\t\t\t<\/div>\n\t\t\t\t\t\t\t\t\t\t\t\t<\/div>\n\t\t\t\t<\/a><\/li>\t\t\t\t\t\t\t\t\t\t\t\t<li><a class=\"elementor-price-list-item\" href=\"https:\/\/www.genexpress.sk\/eshop\/wp-content\/uploads\/2025\/10\/Rozsah-akreditacie.pdf\">\t\t\t\t\n\t\t\t\t<div class=\"elementor-price-list-text\">\n\t\t\t\t\t\t\t\t\t<div class=\"elementor-price-list-header\">\n\t\t\t\t\t\t\t\t\t\t\t<span class=\"elementor-price-list-title\">\n\t\t\t\t\t\t\tRozsah akredit\u00e1cie\t\t\t\t\t\t<\/span>\n\t\t\t\t\t\t\t\t\t\t\t\t\t\t\t\t\t\t\t\t\t\t\t\t<span class=\"elementor-price-list-price\"><img decoding=\"async\" src=\"https:\/\/www.genexpress.sk\/eshop\/wp-content\/uploads\/2025\/06\/file-download-1.png\" alt=\"Ikonka stiahnutia\" width=\"24\" height=\"24\"><\/span>\n\t\t\t\t\t\t\t\t\t\t<\/div>\n\t\t\t\t\t\t\t\t\t\t\t\t<\/div>\n\t\t\t\t<\/a><\/li>\t\t\t\t\t\t\t\t\t\t\t\t<li><a class=\"elementor-price-list-item\" href=\"https:\/\/www.genexpress.sk\/eshop\/wp-content\/uploads\/2025\/08\/IS23_Zoznam-vysetreni-pod-flexibilnym-rozsahom.pdf\">\t\t\t\t\n\t\t\t\t<div class=\"elementor-price-list-text\">\n\t\t\t\t\t\t\t\t\t<div class=\"elementor-price-list-header\">\n\t\t\t\t\t\t\t\t\t\t\t<span class=\"elementor-price-list-title\">\n\t\t\t\t\t\t\tZoznam vy\u0161etren\u00ed pod flexibiln\u00fdm rozsahom\t\t\t\t\t\t<\/span>\n\t\t\t\t\t\t\t\t\t\t\t\t\t\t\t\t\t\t\t\t\t\t\t\t<span class=\"elementor-price-list-price\"><img decoding=\"async\" src=\"https:\/\/www.genexpress.sk\/eshop\/wp-content\/uploads\/2025\/06\/file-download-1.png\" alt=\"Ikonka stiahnutia\" width=\"24\" height=\"24\"><\/span>\n\t\t\t\t\t\t\t\t\t\t<\/div>\n\t\t\t\t\t\t\t\t\t\t\t\t<\/div>\n\t\t\t\t<\/a><\/li>\t\t\t\t\t\n\t\t<\/ul>\n\n\t\t\t\t\t\t<\/div>\n\t\t\t\t<\/div>\n\t\t\t\t\t<\/div>\n\t\t<\/div>\n\t\t\t\t<div class=\"elementor-column elementor-col-50 elementor-inner-column elementor-element elementor-element-135ac0f1\" data-id=\"135ac0f1\" data-element_type=\"column\">\n\t\t\t<div class=\"elementor-widget-wrap elementor-element-populated\">\n\t\t\t\t\t\t<div class=\"elementor-element elementor-element-a2cb5d5 elementor-widget elementor-widget-price-list\" data-id=\"a2cb5d5\" data-element_type=\"widget\" data-widget_type=\"price-list.default\">\n\t\t\t\t<div class=\"elementor-widget-container\">\n\t\t\t\t\t\n\t\t<ul class=\"elementor-price-list\">\n\n\t\t\t\t\t\t\t\t\t<li><a class=\"elementor-price-list-item\" href=\"https:\/\/www.genexpress.sk\/eshop\/wp-content\/uploads\/2025\/06\/F5_Zaznam-Staznost.pdf\">\t\t\t\t\n\t\t\t\t<div class=\"elementor-price-list-text\">\n\t\t\t\t\t\t\t\t\t<div class=\"elementor-price-list-header\">\n\t\t\t\t\t\t\t\t\t\t\t<span class=\"elementor-price-list-title\">\n\t\t\t\t\t\t\tZ\u00e1znam - S\u0165a\u017enos\u0165\t\t\t\t\t\t<\/span>\n\t\t\t\t\t\t\t\t\t\t\t\t\t\t\t\t\t\t\t\t\t\t\t\t<span class=\"elementor-price-list-price\"><img decoding=\"async\" src=\"https:\/\/www.genexpress.sk\/eshop\/wp-content\/uploads\/2025\/06\/file-download-1.png\" alt=\"Ikonka stiahnutia\" width=\"24\" height=\"24\"><\/span>\n\t\t\t\t\t\t\t\t\t\t<\/div>\n\t\t\t\t\t\t\t\t\t\t\t\t<\/div>\n\t\t\t\t<\/a><\/li>\t\t\t\t\t\t\t\t\t\t\t\t<li><a class=\"elementor-price-list-item\" href=\"https:\/\/www.genexpress.sk\/eshop\/wp-content\/uploads\/2025\/06\/IS15_Riesenie-staznosti.pdf\">\t\t\t\t\n\t\t\t\t<div class=\"elementor-price-list-text\">\n\t\t\t\t\t\t\t\t\t<div class=\"elementor-price-list-header\">\n\t\t\t\t\t\t\t\t\t\t\t<span class=\"elementor-price-list-title\">\n\t\t\t\t\t\t\tRie\u0161enie sta\u017enost\u00ed\t\t\t\t\t\t<\/span>\n\t\t\t\t\t\t\t\t\t\t\t\t\t\t\t\t\t\t\t\t\t\t\t\t<span class=\"elementor-price-list-price\"><img decoding=\"async\" src=\"https:\/\/www.genexpress.sk\/eshop\/wp-content\/uploads\/2025\/06\/file-download-1.png\" alt=\"Ikonka stiahnutia\" width=\"24\" height=\"24\"><\/span>\n\t\t\t\t\t\t\t\t\t\t<\/div>\n\t\t\t\t\t\t\t\t\t\t\t\t<\/div>\n\t\t\t\t<\/a><\/li>\t\t\t\t\t\t\t\t\t\t\t\t<li><a class=\"elementor-price-list-item\" href=\"https:\/\/www.genexpress.sk\/eshop\/wp-content\/uploads\/2025\/06\/Verejne-vyhlasenie-k-implementacii-IVDR.pdf\">\t\t\t\t\n\t\t\t\t<div class=\"elementor-price-list-text\">\n\t\t\t\t\t\t\t\t\t<div class=\"elementor-price-list-header\">\n\t\t\t\t\t\t\t\t\t\t\t<span class=\"elementor-price-list-title\">\n\t\t\t\t\t\t\tVerejn\u00e9 vyhl\u00e1senie k implement\u00e1cii IVDR\t\t\t\t\t\t<\/span>\n\t\t\t\t\t\t\t\t\t\t\t\t\t\t\t\t\t\t\t\t\t\t\t\t<span class=\"elementor-price-list-price\"><img decoding=\"async\" src=\"https:\/\/www.genexpress.sk\/eshop\/wp-content\/uploads\/2025\/06\/file-download-1.png\" alt=\"Ikonka stiahnutia\" width=\"24\" height=\"24\"><\/span>\n\t\t\t\t\t\t\t\t\t\t<\/div>\n\t\t\t\t\t\t\t\t\t\t\t\t<\/div>\n\t\t\t\t<\/a><\/li>\t\t\t\t\t\n\t\t<\/ul>\n\n\t\t\t\t\t\t<\/div>\n\t\t\t\t<\/div>\n\t\t\t\t<div class=\"elementor-element elementor-element-018b812 elementor-widget__width-initial elementor-widget-mobile__width-inherit elementor-widget elementor-widget-html\" data-id=\"018b812\" data-element_type=\"widget\" data-widget_type=\"html.default\">\n\t\t\t\t<div class=\"elementor-widget-container\">\n\t\t\t\t\t<div style=\"text-align: center; padding: 20px;\">\r\n  <img decoding=\"async\" \r\n    src=\"https:\/\/www.genexpress.sk\/eshop\/wp-content\/uploads\/2025\/06\/download_gif.gif\" \r\n    alt=\"Na\u010d\u00edtavam...\"300px; width: 100%; height: auto; display: inline-block;\"\r\n  >\r\n<\/div>\r\n\t\t\t\t<\/div>\n\t\t\t\t<\/div>\n\t\t\t\t\t<\/div>\n\t\t<\/div>\n\t\t\t\t\t<\/div>\n\t\t<\/section>\n\t\t\t\t\t<\/div>\n\t\t<\/div>\n\t\t\t\t\t<\/div>\n\t\t<\/section>\n\t\t\t\t<\/div>\n\t\t","protected":false},"excerpt":{"rendered":"<p>DOKUMENTY \u017diadanka o genetick\u00e9 vy\u0161etrenie &#8211; samoplatca \u017diadanka o genetick\u00e9 vy\u0161etrenie &#8211; pre lek\u00e1rov Cenn\u00edk DNA testov &#8211; samoplatca N\u00e1vod na odber buk\u00e1lneho steru Laborat\u00f3rna pr\u00edru\u010dka Ochrana osobn\u00fdch \u00fadajov Osved\u010denie o akredit\u00e1cii SK Rozsah akredit\u00e1cie Zoznam vy\u0161etren\u00ed pod flexibiln\u00fdm rozsahom Z\u00e1znam &#8211; S\u0165a\u017enos\u0165 Rie\u0161enie sta\u017enost\u00ed Verejn\u00e9 vyhl\u00e1senie k implement\u00e1cii IVDR<\/p>\n","protected":false},"author":1,"featured_media":0,"parent":0,"menu_order":0,"comment_status":"closed","ping_status":"closed","template":"elementor_header_footer","meta":{"_seopress_robots_primary_cat":"","_seopress_titles_title":"Dokumenty a formul\u00e1re Genexpress \u2013 informovan\u00e9 s\u00fahlasy, \u017eiadanky a v\u00fdsledky","_seopress_titles_desc":"Genexpress \u2013 dostupn\u00e9 dokumenty pre genetick\u00e9 testy: informovan\u00e9 s\u00fahlasy, \u017eiadanky, pokyny k odberu a v\u00fdsledky. Praktick\u00e9 pre pacientov a lek\u00e1rov.","_seopress_robots_index":"","footnotes":""},"class_list":["post-675","page","type-page","status-publish","hentry"],"_links":{"self":[{"href":"https:\/\/www.genexpress.sk\/eshop\/wp-json\/wp\/v2\/pages\/675","targetHints":{"allow":["GET"]}}],"collection":[{"href":"https:\/\/www.genexpress.sk\/eshop\/wp-json\/wp\/v2\/pages"}],"about":[{"href":"https:\/\/www.genexpress.sk\/eshop\/wp-json\/wp\/v2\/types\/page"}],"author":[{"embeddable":true,"href":"https:\/\/www.genexpress.sk\/eshop\/wp-json\/wp\/v2\/users\/1"}],"replies":[{"embeddable":true,"href":"https:\/\/www.genexpress.sk\/eshop\/wp-json\/wp\/v2\/comments?post=675"}],"version-history":[{"count":92,"href":"https:\/\/www.genexpress.sk\/eshop\/wp-json\/wp\/v2\/pages\/675\/revisions"}],"predecessor-version":[{"id":3517,"href":"https:\/\/www.genexpress.sk\/eshop\/wp-json\/wp\/v2\/pages\/675\/revisions\/3517"}],"wp:attachment":[{"href":"https:\/\/www.genexpress.sk\/eshop\/wp-json\/wp\/v2\/media?parent=675"}],"curies":[{"name":"wp","href":"https:\/\/api.w.org\/{rel}","templated":true}]}}