{"id":2285,"date":"2026-02-03T12:22:04","date_gmt":"2026-02-03T12:22:04","guid":{"rendered":"https:\/\/www.genexpress.sk\/eshop\/?post_type=product&#038;p=2285"},"modified":"2026-04-21T08:00:00","modified_gmt":"2026-04-21T08:00:00","slug":"brca-sreen","status":"publish","type":"product","link":"https:\/\/www.genexpress.sk\/eshop\/produkt\/brca-sreen\/","title":{"rendered":"BRCA screen"},"content":{"rendered":"","protected":false},"excerpt":{"rendered":"<p>Test BRCA screen identifikuje 8 mut\u00e1ci\u00ed v g\u00e9noch, ktor\u00e9 maj\u00fa ve\u013emi \u010dast\u00fd v\u00fdskyt. Karcin\u00f3m prsn\u00edka je naj\u010dastej\u0161\u00edm zhubn\u00fdm n\u00e1dorom a 2. naj\u010dastej\u0161ou pr\u00ed\u010dinou smrti na zhubn\u00e9 n\u00e1dory u \u017eien.<\/p>\n","protected":false},"featured_media":131,"template":"","meta":{"_seopress_robots_primary_cat":"none","_seopress_titles_title":"BRCA screen \u2013 genetick\u00fd test rakoviny prsn\u00edka (BRCA1\/2)","_seopress_titles_desc":"R\u00fdchly genetick\u00fd test BRCA screen odhal\u00ed naj\u010dastej\u0161ie mut\u00e1cie BRCA1 a BRCA2. Zistite riziko rakoviny prsn\u00edka a vaje\u010dn\u00edkov v\u010das a jednoducho.","_seopress_robots_index":""},"product_brand":[],"product_cat":[31],"product_tag":[],"class_list":{"0":"post-2285","1":"product","2":"type-product","3":"status-publish","4":"has-post-thumbnail","6":"product_cat-onkologicke-vysetrenia","8":"first","9":"instock","10":"shipping-taxable","11":"purchasable","12":"product-type-simple"},"_links":{"self":[{"href":"https:\/\/www.genexpress.sk\/eshop\/wp-json\/wp\/v2\/product\/2285","targetHints":{"allow":["GET"]}}],"collection":[{"href":"https:\/\/www.genexpress.sk\/eshop\/wp-json\/wp\/v2\/product"}],"about":[{"href":"https:\/\/www.genexpress.sk\/eshop\/wp-json\/wp\/v2\/types\/product"}],"wp:featuredmedia":[{"embeddable":true,"href":"https:\/\/www.genexpress.sk\/eshop\/wp-json\/wp\/v2\/media\/131"}],"wp:attachment":[{"href":"https:\/\/www.genexpress.sk\/eshop\/wp-json\/wp\/v2\/media?parent=2285"}],"wp:term":[{"taxonomy":"product_brand","embeddable":true,"href":"https:\/\/www.genexpress.sk\/eshop\/wp-json\/wp\/v2\/product_brand?post=2285"},{"taxonomy":"product_cat","embeddable":true,"href":"https:\/\/www.genexpress.sk\/eshop\/wp-json\/wp\/v2\/product_cat?post=2285"},{"taxonomy":"product_tag","embeddable":true,"href":"https:\/\/www.genexpress.sk\/eshop\/wp-json\/wp\/v2\/product_tag?post=2285"}],"curies":[{"name":"wp","href":"https:\/\/api.w.org\/{rel}","templated":true}]}}