{"id":2382,"date":"2026-02-03T14:59:41","date_gmt":"2026-02-03T14:59:41","guid":{"rendered":"https:\/\/www.genexpress.sk\/eshop\/?post_type=product&#038;p=2382"},"modified":"2026-04-21T07:59:29","modified_gmt":"2026-04-21T07:59:29","slug":"brca-12-plus","status":"publish","type":"product","link":"https:\/\/www.genexpress.sk\/eshop\/produkt\/brca-12-plus\/","title":{"rendered":"BRCA 1,2 PLUS"},"content":{"rendered":"","protected":false},"excerpt":{"rendered":"<p>Test BRCA 1,2 PLUS dok\u00e1\u017ee odhali\u0165 viac ako 9000 zn\u00e1mych mut\u00e1ci\u00ed. Heredit\u00e1rny syndr\u00f3m rakoviny prsn\u00edka a vaje\u010dn\u00edkov v d\u00f4sledku mut\u00e1cii v g\u00e9noch <em>BRCA1<\/em> a <em>BRCA2<\/em> je dedi\u010dn\u00e9 zv\u00fd\u0161en\u00e9 riziko rakoviny prsn\u00edka, vaje\u010dn\u00edkov ale aj in\u00fdch typov rakoviny ako pobru\u0161nice, ko\u017ee (melan\u00f3m), pankreasu u oboch pohlav\u00ed a prostaty u mu\u017eov.<\/p>\n","protected":false},"featured_media":131,"template":"","meta":{"_seopress_robots_primary_cat":"none","_seopress_titles_title":"BRCA1 a BRCA2 PLUS \u2013 genetick\u00fd test rakoviny prsn\u00edka","_seopress_titles_desc":"Zistite genetick\u00e9 riziko rakoviny prsn\u00edka a vaje\u010dn\u00edkov. DNA test BRCA1 a BRCA2 odhal\u00ed tis\u00edce mut\u00e1ci\u00ed spojen\u00fdch aj s melan\u00f3mom, pankreasom \u010di prostatou.","_seopress_robots_index":""},"product_brand":[],"product_cat":[31],"product_tag":[],"class_list":{"0":"post-2382","1":"product","2":"type-product","3":"status-publish","4":"has-post-thumbnail","6":"product_cat-onkologicke-vysetrenia","8":"first","9":"instock","10":"shipping-taxable","11":"purchasable","12":"product-type-simple"},"_links":{"self":[{"href":"https:\/\/www.genexpress.sk\/eshop\/wp-json\/wp\/v2\/product\/2382","targetHints":{"allow":["GET"]}}],"collection":[{"href":"https:\/\/www.genexpress.sk\/eshop\/wp-json\/wp\/v2\/product"}],"about":[{"href":"https:\/\/www.genexpress.sk\/eshop\/wp-json\/wp\/v2\/types\/product"}],"wp:featuredmedia":[{"embeddable":true,"href":"https:\/\/www.genexpress.sk\/eshop\/wp-json\/wp\/v2\/media\/131"}],"wp:attachment":[{"href":"https:\/\/www.genexpress.sk\/eshop\/wp-json\/wp\/v2\/media?parent=2382"}],"wp:term":[{"taxonomy":"product_brand","embeddable":true,"href":"https:\/\/www.genexpress.sk\/eshop\/wp-json\/wp\/v2\/product_brand?post=2382"},{"taxonomy":"product_cat","embeddable":true,"href":"https:\/\/www.genexpress.sk\/eshop\/wp-json\/wp\/v2\/product_cat?post=2382"},{"taxonomy":"product_tag","embeddable":true,"href":"https:\/\/www.genexpress.sk\/eshop\/wp-json\/wp\/v2\/product_tag?post=2382"}],"curies":[{"name":"wp","href":"https:\/\/api.w.org\/{rel}","templated":true}]}}