{"id":2405,"date":"2026-02-04T09:50:32","date_gmt":"2026-02-04T09:50:32","guid":{"rendered":"https:\/\/www.genexpress.sk\/eshop\/?post_type=product&#038;p=2405"},"modified":"2026-04-21T07:58:56","modified_gmt":"2026-04-21T07:58:56","slug":"screeningove-onko-hbopc","status":"publish","type":"product","link":"https:\/\/www.genexpress.sk\/eshop\/produkt\/screeningove-onko-hbopc\/","title":{"rendered":"Screeningov\u00e9 Onko HBOPC"},"content":{"rendered":"","protected":false},"excerpt":{"rendered":"<p>ONKO HBOPC je screeningov\u00e9 vy\u0161etrenie 22 g\u00e9nov spojen\u00fdch s dedi\u010dn\u00fdm rizikom rakoviny prsn\u00edka, vaje\u010dn\u00edkov a pankreasu. Okrem g\u00e9nov <em>BRCA1<\/em> a <em>BRCA2<\/em> zah\u0155\u0148a aj \u010fal\u0161ie g\u00e9ny s\u00favisiace s karcin\u00f3mom pankreasu, prostaty a vaje\u010dn\u00edkov.<\/p>\n","protected":false},"featured_media":829,"template":"","meta":{"_seopress_robots_primary_cat":"none","_seopress_titles_title":"Onko HBOPC \u2013 genetick\u00fd test BRCA1, BRCA2 a \u010fal\u0161\u00edch g\u00e9nov","_seopress_titles_desc":"Zistite genetick\u00e9 riziko rakoviny prsn\u00edka, vaje\u010dn\u00edkov a pankreasu. DNA test analyzuje 22 g\u00e9nov vr\u00e1tane BRCA1 a BRCA2 pre v\u010dasn\u00e9 odhalenie predispoz\u00edci\u00ed.","_seopress_robots_index":""},"product_brand":[],"product_cat":[31],"product_tag":[],"class_list":{"0":"post-2405","1":"product","2":"type-product","3":"status-publish","4":"has-post-thumbnail","6":"product_cat-onkologicke-vysetrenia","8":"first","9":"instock","10":"shipping-taxable","11":"purchasable","12":"product-type-simple"},"_links":{"self":[{"href":"https:\/\/www.genexpress.sk\/eshop\/wp-json\/wp\/v2\/product\/2405","targetHints":{"allow":["GET"]}}],"collection":[{"href":"https:\/\/www.genexpress.sk\/eshop\/wp-json\/wp\/v2\/product"}],"about":[{"href":"https:\/\/www.genexpress.sk\/eshop\/wp-json\/wp\/v2\/types\/product"}],"wp:featuredmedia":[{"embeddable":true,"href":"https:\/\/www.genexpress.sk\/eshop\/wp-json\/wp\/v2\/media\/829"}],"wp:attachment":[{"href":"https:\/\/www.genexpress.sk\/eshop\/wp-json\/wp\/v2\/media?parent=2405"}],"wp:term":[{"taxonomy":"product_brand","embeddable":true,"href":"https:\/\/www.genexpress.sk\/eshop\/wp-json\/wp\/v2\/product_brand?post=2405"},{"taxonomy":"product_cat","embeddable":true,"href":"https:\/\/www.genexpress.sk\/eshop\/wp-json\/wp\/v2\/product_cat?post=2405"},{"taxonomy":"product_tag","embeddable":true,"href":"https:\/\/www.genexpress.sk\/eshop\/wp-json\/wp\/v2\/product_tag?post=2405"}],"curies":[{"name":"wp","href":"https:\/\/api.w.org\/{rel}","templated":true}]}}