{"id":2407,"date":"2026-02-04T09:52:56","date_gmt":"2026-02-04T09:52:56","guid":{"rendered":"https:\/\/www.genexpress.sk\/eshop\/?post_type=product&#038;p=2407"},"modified":"2026-04-21T07:57:41","modified_gmt":"2026-04-21T07:57:41","slug":"prenasacstvo-basic","status":"publish","type":"product","link":"https:\/\/www.genexpress.sk\/eshop\/produkt\/prenasacstvo-basic\/","title":{"rendered":"Pren\u00e1\u0161a\u010dstvo Basic"},"content":{"rendered":"","protected":false},"excerpt":{"rendered":"<p>Pl\u00e1nujete rodinu a chcete ma\u0165 zdrav\u00e9 die\u0165a? Niektor\u00e9 z\u00e1va\u017en\u00e9 genetick\u00e9 ochorenia sa m\u00f4\u017eu pren\u00e1\u0161a\u0165 aj bez toho, aby sa u rodi\u010dov prejavili ak\u00e9ko\u013evek pr\u00edznaky.<\/p>\n","protected":false},"featured_media":2851,"template":"","meta":{"_seopress_robots_primary_cat":"none","_seopress_titles_title":"Pren\u00e1\u0161a\u010dstvo Basic \u2013 genetick\u00fd test pre pl\u00e1novanie rodiny","_seopress_titles_desc":"Zistite, \u010di ste pren\u00e1\u0161a\u010dom dedi\u010dn\u00fdch ochoren\u00ed. DNA test odhal\u00ed skryt\u00e9 genetick\u00e9 rizik\u00e1 a pom\u00f4\u017ee pri pl\u00e1novan\u00ed zdrav\u00e9ho tehotenstva a rodi\u010dovstva.","_seopress_robots_index":""},"product_brand":[],"product_cat":[32],"product_tag":[],"class_list":{"0":"post-2407","1":"product","2":"type-product","3":"status-publish","4":"has-post-thumbnail","6":"product_cat-planovanie-rodicovstva-a-neplodnost","8":"first","9":"instock","10":"shipping-taxable","11":"purchasable","12":"product-type-simple"},"_links":{"self":[{"href":"https:\/\/www.genexpress.sk\/eshop\/wp-json\/wp\/v2\/product\/2407","targetHints":{"allow":["GET"]}}],"collection":[{"href":"https:\/\/www.genexpress.sk\/eshop\/wp-json\/wp\/v2\/product"}],"about":[{"href":"https:\/\/www.genexpress.sk\/eshop\/wp-json\/wp\/v2\/types\/product"}],"wp:featuredmedia":[{"embeddable":true,"href":"https:\/\/www.genexpress.sk\/eshop\/wp-json\/wp\/v2\/media\/2851"}],"wp:attachment":[{"href":"https:\/\/www.genexpress.sk\/eshop\/wp-json\/wp\/v2\/media?parent=2407"}],"wp:term":[{"taxonomy":"product_brand","embeddable":true,"href":"https:\/\/www.genexpress.sk\/eshop\/wp-json\/wp\/v2\/product_brand?post=2407"},{"taxonomy":"product_cat","embeddable":true,"href":"https:\/\/www.genexpress.sk\/eshop\/wp-json\/wp\/v2\/product_cat?post=2407"},{"taxonomy":"product_tag","embeddable":true,"href":"https:\/\/www.genexpress.sk\/eshop\/wp-json\/wp\/v2\/product_tag?post=2407"}],"curies":[{"name":"wp","href":"https:\/\/api.w.org\/{rel}","templated":true}]}}