{"id":2409,"date":"2026-02-04T09:54:36","date_gmt":"2026-02-04T09:54:36","guid":{"rendered":"https:\/\/www.genexpress.sk\/eshop\/?post_type=product&#038;p=2409"},"modified":"2026-04-21T07:56:35","modified_gmt":"2026-04-21T07:56:35","slug":"infertilita-zena-basic","status":"publish","type":"product","link":"https:\/\/www.genexpress.sk\/eshop\/produkt\/infertilita-zena-basic\/","title":{"rendered":"Infertilita \u017eena Basic"},"content":{"rendered":"","protected":false},"excerpt":{"rendered":"<p>Genetick\u00e9 vy\u0161etrenie neplodnosti u \u017eien sa zameriava na naj\u010dastej\u0161ie genetick\u00e9 pr\u00ed\u010diny por\u00fach plodnosti a komplik\u00e1ci\u00ed tehotenstva. Zah\u0155\u0148a anal\u00fdzu fragiln\u00e9ho X chromoz\u00f3mu (g\u00e9n <em>FMR1<\/em>) spojen\u00e9ho so zn\u00ed\u017eenou ovari\u00e1lnou rezervou a pred\u010dasn\u00fdm zlyhan\u00edm vaje\u010dn\u00edkov, ako aj vy\u0161etrenie trombofiln\u00fdch mut\u00e1ci\u00ed, ktor\u00e9 m\u00f4\u017eu ovplyvni\u0165 priebeh tehotenstva.<\/p>\n","protected":false},"featured_media":2857,"template":"","meta":{"_seopress_robots_primary_cat":"none","_seopress_titles_title":"\u017densk\u00e1 infertilita Basic \u2013 genetick\u00e9 vy\u0161etrenie plodnosti","_seopress_titles_desc":"Zistite genetick\u00e9 pr\u00ed\u010diny \u017eenskej neplodnosti. Test zah\u0155\u0148a anal\u00fdzu FMR1 (fragiln\u00fd X) a trombofiln\u00fdch mut\u00e1ci\u00ed ovplyv\u0148uj\u00facich ovari\u00e1lnu rezervu a priebeh tehotenstva.","_seopress_robots_index":""},"product_brand":[],"product_cat":[32],"product_tag":[],"class_list":{"0":"post-2409","1":"product","2":"type-product","3":"status-publish","4":"has-post-thumbnail","6":"product_cat-planovanie-rodicovstva-a-neplodnost","8":"first","9":"instock","10":"shipping-taxable","11":"purchasable","12":"product-type-simple"},"_links":{"self":[{"href":"https:\/\/www.genexpress.sk\/eshop\/wp-json\/wp\/v2\/product\/2409","targetHints":{"allow":["GET"]}}],"collection":[{"href":"https:\/\/www.genexpress.sk\/eshop\/wp-json\/wp\/v2\/product"}],"about":[{"href":"https:\/\/www.genexpress.sk\/eshop\/wp-json\/wp\/v2\/types\/product"}],"wp:featuredmedia":[{"embeddable":true,"href":"https:\/\/www.genexpress.sk\/eshop\/wp-json\/wp\/v2\/media\/2857"}],"wp:attachment":[{"href":"https:\/\/www.genexpress.sk\/eshop\/wp-json\/wp\/v2\/media?parent=2409"}],"wp:term":[{"taxonomy":"product_brand","embeddable":true,"href":"https:\/\/www.genexpress.sk\/eshop\/wp-json\/wp\/v2\/product_brand?post=2409"},{"taxonomy":"product_cat","embeddable":true,"href":"https:\/\/www.genexpress.sk\/eshop\/wp-json\/wp\/v2\/product_cat?post=2409"},{"taxonomy":"product_tag","embeddable":true,"href":"https:\/\/www.genexpress.sk\/eshop\/wp-json\/wp\/v2\/product_tag?post=2409"}],"curies":[{"name":"wp","href":"https:\/\/api.w.org\/{rel}","templated":true}]}}