{"id":2412,"date":"2026-02-04T09:56:35","date_gmt":"2026-02-04T09:56:35","guid":{"rendered":"https:\/\/www.genexpress.sk\/eshop\/?post_type=product&#038;p=2412"},"modified":"2026-04-21T07:54:36","modified_gmt":"2026-04-21T07:54:36","slug":"infertilita-muz-plus","status":"publish","type":"product","link":"https:\/\/www.genexpress.sk\/eshop\/produkt\/infertilita-muz-plus\/","title":{"rendered":"Infertilita mu\u017e PLUS"},"content":{"rendered":"","protected":false},"excerpt":{"rendered":"<p>Chcete pozna\u0165 genetick\u00e9 faktory, ktor\u00e9 m\u00f4\u017eu ovplyvni\u0165 va\u0161u plodnos\u0165 a zv\u00fd\u0161i\u0165 \u0161ancu na \u00faspe\u0161n\u00e9 rodi\u010dovstvo? V\u010faka pokro\u010dilej met\u00f3de NGS (mas\u00edvne paraleln\u00e9 sekvenovanie) analyzujeme viac ako 90 g\u00e9nov s\u00favisiacich s v\u00fdvojom mu\u017esk\u00e9ho genit\u00e1lneho traktu a spermatogen\u00e9zou.<\/p>\n","protected":false},"featured_media":2868,"template":"","meta":{"_seopress_robots_primary_cat":"none","_seopress_titles_title":"Mu\u017esk\u00e1 infertilita PLUS \u2013 genetick\u00fd test plodnosti (NGS)","_seopress_titles_desc":"Zistite genetick\u00e9 pr\u00ed\u010diny mu\u017eskej neplodnosti. Pokro\u010dil\u00fd DNA test NGS analyzuje viac ako 90 g\u00e9nov spojen\u00fdch so spermatogen\u00e9zou a v\u00fdvojom mu\u017esk\u00e9ho reproduk\u010dn\u00e9ho syst\u00e9mu.","_seopress_robots_index":""},"product_brand":[],"product_cat":[32],"product_tag":[],"class_list":{"0":"post-2412","1":"product","2":"type-product","3":"status-publish","4":"has-post-thumbnail","6":"product_cat-planovanie-rodicovstva-a-neplodnost","8":"first","9":"instock","10":"shipping-taxable","11":"purchasable","12":"product-type-simple"},"_links":{"self":[{"href":"https:\/\/www.genexpress.sk\/eshop\/wp-json\/wp\/v2\/product\/2412","targetHints":{"allow":["GET"]}}],"collection":[{"href":"https:\/\/www.genexpress.sk\/eshop\/wp-json\/wp\/v2\/product"}],"about":[{"href":"https:\/\/www.genexpress.sk\/eshop\/wp-json\/wp\/v2\/types\/product"}],"wp:featuredmedia":[{"embeddable":true,"href":"https:\/\/www.genexpress.sk\/eshop\/wp-json\/wp\/v2\/media\/2868"}],"wp:attachment":[{"href":"https:\/\/www.genexpress.sk\/eshop\/wp-json\/wp\/v2\/media?parent=2412"}],"wp:term":[{"taxonomy":"product_brand","embeddable":true,"href":"https:\/\/www.genexpress.sk\/eshop\/wp-json\/wp\/v2\/product_brand?post=2412"},{"taxonomy":"product_cat","embeddable":true,"href":"https:\/\/www.genexpress.sk\/eshop\/wp-json\/wp\/v2\/product_cat?post=2412"},{"taxonomy":"product_tag","embeddable":true,"href":"https:\/\/www.genexpress.sk\/eshop\/wp-json\/wp\/v2\/product_tag?post=2412"}],"curies":[{"name":"wp","href":"https:\/\/api.w.org\/{rel}","templated":true}]}}