{"id":2414,"date":"2026-02-04T09:58:21","date_gmt":"2026-02-04T09:58:21","guid":{"rendered":"https:\/\/www.genexpress.sk\/eshop\/?post_type=product&#038;p=2414"},"modified":"2026-04-21T07:53:27","modified_gmt":"2026-04-21T07:53:27","slug":"vysetrenie-chromozomu-y","status":"publish","type":"product","link":"https:\/\/www.genexpress.sk\/eshop\/produkt\/vysetrenie-chromozomu-y\/","title":{"rendered":"Vy\u0161etrenie chromoz\u00f3mu Y"},"content":{"rendered":"","protected":false},"excerpt":{"rendered":"<p>Vy\u0161etrenie mikrodel\u00e9cii chromoz\u00f3mu Y v oblasti AZF (AZF) pom\u00e1ha ur\u010di\u0165 jednu z mo\u017en\u00fdch pr\u00ed\u010din mu\u017eskej neplodnosti, najm\u00e4 ak je pr\u00edtomn\u00fd klinick\u00fd obraz azoospermie (nepr\u00edtomn\u00e9 spermie) alebo oligospermie (zn\u00ed\u017een\u00e9 mno\u017estvo spermi\u00ed).<\/p>\n","protected":false},"featured_media":2868,"template":"","meta":{"_seopress_robots_primary_cat":"none","_seopress_titles_title":"Vy\u0161etrenie chromoz\u00f3mu Y \u2013 genetick\u00fd test mu\u017eskej plodnosti","_seopress_titles_desc":"Zistite pr\u00ed\u010diny mu\u017eskej neplodnosti pomocou genetick\u00e9ho testu chromoz\u00f3mu Y. Anal\u00fdza mikrodel\u00e9ci\u00ed v oblasti AZF odhal\u00ed riziko azoospermie a oligospermie.","_seopress_robots_index":""},"product_brand":[],"product_cat":[32],"product_tag":[],"class_list":{"0":"post-2414","1":"product","2":"type-product","3":"status-publish","4":"has-post-thumbnail","6":"product_cat-planovanie-rodicovstva-a-neplodnost","8":"first","9":"instock","10":"shipping-taxable","11":"purchasable","12":"product-type-simple"},"_links":{"self":[{"href":"https:\/\/www.genexpress.sk\/eshop\/wp-json\/wp\/v2\/product\/2414","targetHints":{"allow":["GET"]}}],"collection":[{"href":"https:\/\/www.genexpress.sk\/eshop\/wp-json\/wp\/v2\/product"}],"about":[{"href":"https:\/\/www.genexpress.sk\/eshop\/wp-json\/wp\/v2\/types\/product"}],"wp:featuredmedia":[{"embeddable":true,"href":"https:\/\/www.genexpress.sk\/eshop\/wp-json\/wp\/v2\/media\/2868"}],"wp:attachment":[{"href":"https:\/\/www.genexpress.sk\/eshop\/wp-json\/wp\/v2\/media?parent=2414"}],"wp:term":[{"taxonomy":"product_brand","embeddable":true,"href":"https:\/\/www.genexpress.sk\/eshop\/wp-json\/wp\/v2\/product_brand?post=2414"},{"taxonomy":"product_cat","embeddable":true,"href":"https:\/\/www.genexpress.sk\/eshop\/wp-json\/wp\/v2\/product_cat?post=2414"},{"taxonomy":"product_tag","embeddable":true,"href":"https:\/\/www.genexpress.sk\/eshop\/wp-json\/wp\/v2\/product_tag?post=2414"}],"curies":[{"name":"wp","href":"https:\/\/api.w.org\/{rel}","templated":true}]}}