{"id":2415,"date":"2026-02-04T09:59:55","date_gmt":"2026-02-04T09:59:55","guid":{"rendered":"https:\/\/www.genexpress.sk\/eshop\/?post_type=product&#038;p=2415"},"modified":"2026-04-21T07:52:38","modified_gmt":"2026-04-21T07:52:38","slug":"kardiovaskularne-ochor-a-trombofilia","status":"publish","type":"product","link":"https:\/\/www.genexpress.sk\/eshop\/produkt\/kardiovaskularne-ochor-a-trombofilia\/","title":{"rendered":"Kardiovaskul\u00e1rne ochor. a trombof\u00edlia"},"content":{"rendered":"","protected":false},"excerpt":{"rendered":"<p>Zistite, \u010do v\u00e1m hovor\u00ed va\u0161a DNA o zdrav\u00ed srdca, ciev a mozgu. Tento genetick\u00fd bal\u00edk odha\u013euje predispoz\u00edcie k vysok\u00e9mu cholesterolu, infarktu myokardu, mozgovej pr\u00edhode \u010di vzniku krvn\u00fdch zrazen\u00edn e\u0161te sk\u00f4r, ne\u017e sa objavia pr\u00edznaky.<\/p>\n","protected":false},"featured_media":2872,"template":"","meta":{"_seopress_robots_primary_cat":"none","_seopress_titles_title":"Kardiovaskul\u00e1rne ochorenia a trombof\u00edlia \u2013 genetick\u00fd test DNA","_seopress_titles_desc":"Zistite genetick\u00e9 riziko infarktu, mozgovej pr\u00edhody, vysok\u00e9ho cholesterolu aj trombof\u00edlie. DNA test odhal\u00ed predispoz\u00edcie k ochoreniam srdca, ciev a tvorbe krvn\u00fdch zrazen\u00edn.","_seopress_robots_index":""},"product_brand":[],"product_cat":[33],"product_tag":[],"class_list":{"0":"post-2415","1":"product","2":"type-product","3":"status-publish","4":"has-post-thumbnail","6":"product_cat-zdravie-srdca-ciev-a-mozgu","8":"first","9":"instock","10":"shipping-taxable","11":"purchasable","12":"product-type-simple"},"_links":{"self":[{"href":"https:\/\/www.genexpress.sk\/eshop\/wp-json\/wp\/v2\/product\/2415","targetHints":{"allow":["GET"]}}],"collection":[{"href":"https:\/\/www.genexpress.sk\/eshop\/wp-json\/wp\/v2\/product"}],"about":[{"href":"https:\/\/www.genexpress.sk\/eshop\/wp-json\/wp\/v2\/types\/product"}],"wp:featuredmedia":[{"embeddable":true,"href":"https:\/\/www.genexpress.sk\/eshop\/wp-json\/wp\/v2\/media\/2872"}],"wp:attachment":[{"href":"https:\/\/www.genexpress.sk\/eshop\/wp-json\/wp\/v2\/media?parent=2415"}],"wp:term":[{"taxonomy":"product_brand","embeddable":true,"href":"https:\/\/www.genexpress.sk\/eshop\/wp-json\/wp\/v2\/product_brand?post=2415"},{"taxonomy":"product_cat","embeddable":true,"href":"https:\/\/www.genexpress.sk\/eshop\/wp-json\/wp\/v2\/product_cat?post=2415"},{"taxonomy":"product_tag","embeddable":true,"href":"https:\/\/www.genexpress.sk\/eshop\/wp-json\/wp\/v2\/product_tag?post=2415"}],"curies":[{"name":"wp","href":"https:\/\/api.w.org\/{rel}","templated":true}]}}