{"id":2418,"date":"2026-02-04T10:00:10","date_gmt":"2026-02-04T10:00:10","guid":{"rendered":"https:\/\/www.genexpress.sk\/eshop\/?post_type=product&#038;p=2418"},"modified":"2026-04-21T07:48:48","modified_gmt":"2026-04-21T07:48:48","slug":"alzheimerova-choroba-apo-e","status":"publish","type":"product","link":"https:\/\/www.genexpress.sk\/eshop\/produkt\/alzheimerova-choroba-apo-e\/","title":{"rendered":"Alzheimerova choroba \/APO E\/"},"content":{"rendered":"","protected":false},"excerpt":{"rendered":"<p>Zistite svoj genetick\u00fd predpoklad\u00a0vzniku Alzheimerovej choroby v\u010faka anal\u00fdze g\u00e9nu<em> APOE<\/em>. Vy\u0161etrenie odhal\u00ed pr\u00edtomnos\u0165 rizikov\u00fdch variantov, ktor\u00e9 m\u00f4\u017eu ovplyvni\u0165 va\u0161e zdravie v bud\u00facnosti. Poznanie Va\u0161ej genetickej v\u00fdbavy V\u00e1m umo\u017en\u00ed kona\u0165 v\u010das a prisp\u00f4sobi\u0165 tomu svoj \u017eivotn\u00fd \u0161t\u00fdl a starostlivos\u0165 o kognit\u00edvne zdravie.<\/p>\n","protected":false},"featured_media":2876,"template":"","meta":{"_seopress_robots_primary_cat":"none","_seopress_titles_title":"Alzheimerova choroba (APOE) \u2013 genetick\u00e9 vy\u0161etrenie rizika","_seopress_titles_desc":"Zistite genetick\u00e9 riziko Alzheimerovej choroby pomocou testu APOE. DNA anal\u00fdza odhal\u00ed predispoz\u00edciu k poruch\u00e1m pam\u00e4ti a neurodegenerat\u00edvnemu ochoreniu.","_seopress_robots_index":""},"product_brand":[],"product_cat":[34,33],"product_tag":[],"class_list":{"0":"post-2418","1":"product","2":"type-product","3":"status-publish","4":"has-post-thumbnail","6":"product_cat-neurodegenerativne-ochorenia","7":"product_cat-zdravie-srdca-ciev-a-mozgu","9":"first","10":"instock","11":"shipping-taxable","12":"purchasable","13":"product-type-simple"},"_links":{"self":[{"href":"https:\/\/www.genexpress.sk\/eshop\/wp-json\/wp\/v2\/product\/2418","targetHints":{"allow":["GET"]}}],"collection":[{"href":"https:\/\/www.genexpress.sk\/eshop\/wp-json\/wp\/v2\/product"}],"about":[{"href":"https:\/\/www.genexpress.sk\/eshop\/wp-json\/wp\/v2\/types\/product"}],"wp:featuredmedia":[{"embeddable":true,"href":"https:\/\/www.genexpress.sk\/eshop\/wp-json\/wp\/v2\/media\/2876"}],"wp:attachment":[{"href":"https:\/\/www.genexpress.sk\/eshop\/wp-json\/wp\/v2\/media?parent=2418"}],"wp:term":[{"taxonomy":"product_brand","embeddable":true,"href":"https:\/\/www.genexpress.sk\/eshop\/wp-json\/wp\/v2\/product_brand?post=2418"},{"taxonomy":"product_cat","embeddable":true,"href":"https:\/\/www.genexpress.sk\/eshop\/wp-json\/wp\/v2\/product_cat?post=2418"},{"taxonomy":"product_tag","embeddable":true,"href":"https:\/\/www.genexpress.sk\/eshop\/wp-json\/wp\/v2\/product_tag?post=2418"}],"curies":[{"name":"wp","href":"https:\/\/api.w.org\/{rel}","templated":true}]}}