{"id":2421,"date":"2026-02-04T10:02:42","date_gmt":"2026-02-04T10:02:42","guid":{"rendered":"https:\/\/www.genexpress.sk\/eshop\/?post_type=product&#038;p=2421"},"modified":"2026-04-21T07:44:25","modified_gmt":"2026-04-21T07:44:25","slug":"gilbertov-syndrom","status":"publish","type":"product","link":"https:\/\/www.genexpress.sk\/eshop\/produkt\/gilbertov-syndrom\/","title":{"rendered":"Gilbertov syndr\u00f3m"},"content":{"rendered":"","protected":false},"excerpt":{"rendered":"<p>Gilbertov syndr\u00f3m je vroden\u00e9 dedi\u010dn\u00e9 ochorenie, pri ktorom doch\u00e1dza k zv\u00fd\u0161eniu hladiny bilirub\u00ednu v krvi. Hromadenie bilirub\u00ednu je sp\u00f4soben\u00e9 naru\u0161en\u00edm jeho metabolizmu a prejavuje sa \u017elta\u010dkou, \u010di\u017ee \u017elt\u00fdm sfarben\u00edm poko\u017eky a o\u010dn\u00fdch bielkov.<\/p>\n","protected":false},"featured_media":1501,"template":"","meta":{"_seopress_robots_primary_cat":"none","_seopress_titles_title":"Gilbertov syndr\u00f3m \u2013 genetick\u00e9 vy\u0161etrenie metabolizmu bilirub\u00ednu","_seopress_titles_desc":"Zistite genetick\u00fa pr\u00ed\u010dinu Gilbertovho syndr\u00f3mu. DNA test odhal\u00ed poruchu metabolizmu bilirub\u00ednu a riziko \u017elta\u010dky, \u00fanavy \u010di zv\u00fd\u0161en\u00fdch hodn\u00f4t bilirub\u00ednu v krvi.","_seopress_robots_index":""},"product_brand":[],"product_cat":[36],"product_tag":[],"class_list":{"0":"post-2421","1":"product","2":"type-product","3":"status-publish","4":"has-post-thumbnail","6":"product_cat-poruchy-metabolizmu","8":"first","9":"instock","10":"shipping-taxable","11":"purchasable","12":"product-type-simple"},"_links":{"self":[{"href":"https:\/\/www.genexpress.sk\/eshop\/wp-json\/wp\/v2\/product\/2421","targetHints":{"allow":["GET"]}}],"collection":[{"href":"https:\/\/www.genexpress.sk\/eshop\/wp-json\/wp\/v2\/product"}],"about":[{"href":"https:\/\/www.genexpress.sk\/eshop\/wp-json\/wp\/v2\/types\/product"}],"wp:featuredmedia":[{"embeddable":true,"href":"https:\/\/www.genexpress.sk\/eshop\/wp-json\/wp\/v2\/media\/1501"}],"wp:attachment":[{"href":"https:\/\/www.genexpress.sk\/eshop\/wp-json\/wp\/v2\/media?parent=2421"}],"wp:term":[{"taxonomy":"product_brand","embeddable":true,"href":"https:\/\/www.genexpress.sk\/eshop\/wp-json\/wp\/v2\/product_brand?post=2421"},{"taxonomy":"product_cat","embeddable":true,"href":"https:\/\/www.genexpress.sk\/eshop\/wp-json\/wp\/v2\/product_cat?post=2421"},{"taxonomy":"product_tag","embeddable":true,"href":"https:\/\/www.genexpress.sk\/eshop\/wp-json\/wp\/v2\/product_tag?post=2421"}],"curies":[{"name":"wp","href":"https:\/\/api.w.org\/{rel}","templated":true}]}}