{"id":2424,"date":"2026-02-04T10:05:44","date_gmt":"2026-02-04T10:05:44","guid":{"rendered":"https:\/\/www.genexpress.sk\/eshop\/?post_type=product&#038;p=2424"},"modified":"2026-04-21T07:40:29","modified_gmt":"2026-04-21T07:40:29","slug":"nesyndromova-hluchota","status":"publish","type":"product","link":"https:\/\/www.genexpress.sk\/eshop\/produkt\/nesyndromova-hluchota\/","title":{"rendered":"Nesyndr\u00f3mov\u00e1 hluchota"},"content":{"rendered":"","protected":false},"excerpt":{"rendered":"<p>Nesyndr\u00f3mov\u00e1 hluchota je charakterizovan\u00e1 ako porucha sluchu, ktor\u00e1 nie je asociovan\u00e1 so \u017eiadnymi in\u00fdmi znakmi a sympt\u00f3mami. T\u00e1to forma hluchoty tvor\u00ed pribli\u017ene 70% v\u0161etk\u00fdch pr\u00edpadov dedi\u010dnej poruchy sluchu a je zapr\u00ed\u010dinen\u00e1 hlavne malform\u00e1ciami \u0161trukt\u00far vn\u00fatorn\u00e9ho ucha.<\/p>\n","protected":false},"featured_media":1472,"template":"","meta":{"_seopress_robots_primary_cat":"none","_seopress_titles_title":"Nesyndr\u00f3mov\u00e1 hluchota \u2013 genetick\u00e9 vy\u0161etrenie sluchu","_seopress_titles_desc":"Zistite genetick\u00e9 pr\u00ed\u010diny nesyndr\u00f3movej hluchoty. DNA test odhal\u00ed mut\u00e1cie spojen\u00e9 so stratou sluchu bez pridru\u017een\u00fdch ochoren\u00ed a pom\u00f4\u017ee ur\u010di\u0165 dedi\u010dn\u00e9 riziko.","_seopress_robots_index":""},"product_brand":[],"product_cat":[37],"product_tag":[],"class_list":{"0":"post-2424","1":"product","2":"type-product","3":"status-publish","4":"has-post-thumbnail","6":"product_cat-ochorenia-sluchu","8":"first","9":"instock","10":"shipping-taxable","11":"purchasable","12":"product-type-simple"},"_links":{"self":[{"href":"https:\/\/www.genexpress.sk\/eshop\/wp-json\/wp\/v2\/product\/2424","targetHints":{"allow":["GET"]}}],"collection":[{"href":"https:\/\/www.genexpress.sk\/eshop\/wp-json\/wp\/v2\/product"}],"about":[{"href":"https:\/\/www.genexpress.sk\/eshop\/wp-json\/wp\/v2\/types\/product"}],"wp:featuredmedia":[{"embeddable":true,"href":"https:\/\/www.genexpress.sk\/eshop\/wp-json\/wp\/v2\/media\/1472"}],"wp:attachment":[{"href":"https:\/\/www.genexpress.sk\/eshop\/wp-json\/wp\/v2\/media?parent=2424"}],"wp:term":[{"taxonomy":"product_brand","embeddable":true,"href":"https:\/\/www.genexpress.sk\/eshop\/wp-json\/wp\/v2\/product_brand?post=2424"},{"taxonomy":"product_cat","embeddable":true,"href":"https:\/\/www.genexpress.sk\/eshop\/wp-json\/wp\/v2\/product_cat?post=2424"},{"taxonomy":"product_tag","embeddable":true,"href":"https:\/\/www.genexpress.sk\/eshop\/wp-json\/wp\/v2\/product_tag?post=2424"}],"curies":[{"name":"wp","href":"https:\/\/api.w.org\/{rel}","templated":true}]}}