{"id":2425,"date":"2026-02-04T10:06:43","date_gmt":"2026-02-04T10:06:43","guid":{"rendered":"https:\/\/www.genexpress.sk\/eshop\/?post_type=product&#038;p=2425"},"modified":"2026-04-21T07:39:57","modified_gmt":"2026-04-21T07:39:57","slug":"psoriaza","status":"publish","type":"product","link":"https:\/\/www.genexpress.sk\/eshop\/produkt\/psoriaza\/","title":{"rendered":"Psori\u00e1za"},"content":{"rendered":"","protected":false},"excerpt":{"rendered":"<p>Psori\u00e1za je chronick\u00e9 z\u00e1palov\u00e9 ochorenie asociovan\u00e9 so vznikom lo\u017e\u00edsk\/l\u00e9zi\u00ed na r\u00f4znych \u010dastiach tela spojen\u00fdch s\u202fpocitom nepr\u00edjemn\u00e9ho svrbenia, suchosti \u010di bolestivosti.<\/p>\n","protected":false},"featured_media":2883,"template":"","meta":{"_seopress_robots_primary_cat":"none","_seopress_titles_title":"Psori\u00e1za \u2013 genetick\u00e9 vy\u0161etrenie predispoz\u00edcie","_seopress_titles_desc":"Zistite genetick\u00e9 predispoz\u00edcie k psori\u00e1ze. DNA test pom\u00e1ha odhali\u0165 riziko vzniku lupienky a podpor\u00ed lep\u0161ie prisp\u00f4sobenie prevencie aj starostlivosti o poko\u017eku.","_seopress_robots_index":""},"product_brand":[],"product_cat":[38],"product_tag":[],"class_list":{"0":"post-2425","1":"product","2":"type-product","3":"status-publish","4":"has-post-thumbnail","6":"product_cat-kozne-ochorenia","8":"first","9":"instock","10":"shipping-taxable","11":"purchasable","12":"product-type-simple"},"_links":{"self":[{"href":"https:\/\/www.genexpress.sk\/eshop\/wp-json\/wp\/v2\/product\/2425","targetHints":{"allow":["GET"]}}],"collection":[{"href":"https:\/\/www.genexpress.sk\/eshop\/wp-json\/wp\/v2\/product"}],"about":[{"href":"https:\/\/www.genexpress.sk\/eshop\/wp-json\/wp\/v2\/types\/product"}],"wp:featuredmedia":[{"embeddable":true,"href":"https:\/\/www.genexpress.sk\/eshop\/wp-json\/wp\/v2\/media\/2883"}],"wp:attachment":[{"href":"https:\/\/www.genexpress.sk\/eshop\/wp-json\/wp\/v2\/media?parent=2425"}],"wp:term":[{"taxonomy":"product_brand","embeddable":true,"href":"https:\/\/www.genexpress.sk\/eshop\/wp-json\/wp\/v2\/product_brand?post=2425"},{"taxonomy":"product_cat","embeddable":true,"href":"https:\/\/www.genexpress.sk\/eshop\/wp-json\/wp\/v2\/product_cat?post=2425"},{"taxonomy":"product_tag","embeddable":true,"href":"https:\/\/www.genexpress.sk\/eshop\/wp-json\/wp\/v2\/product_tag?post=2425"}],"curies":[{"name":"wp","href":"https:\/\/api.w.org\/{rel}","templated":true}]}}