{"id":2427,"date":"2026-02-04T10:08:26","date_gmt":"2026-02-04T10:08:26","guid":{"rendered":"https:\/\/www.genexpress.sk\/eshop\/?post_type=product&#038;p=2427"},"modified":"2026-04-21T07:39:04","modified_gmt":"2026-04-21T07:39:04","slug":"laktozova-intolerancia","status":"publish","type":"product","link":"https:\/\/www.genexpress.sk\/eshop\/produkt\/laktozova-intolerancia\/","title":{"rendered":"Lakt\u00f3zov\u00e1 intolerancia"},"content":{"rendered":"","protected":false},"excerpt":{"rendered":"<p>Lakt\u00f3zov\u00e1 intolerancia je neschopnos\u0165 tr\u00e1vi\u0165 lakt\u00f3zu, mlie\u010dny cukor, ktor\u00fd sa nach\u00e1dza v mlieku a mlie\u010dnych v\u00fdrobkoch.<\/p>\n","protected":false},"featured_media":1414,"template":"","meta":{"_seopress_robots_primary_cat":"none","_seopress_titles_title":"Lakt\u00f3zov\u00e1 intolerancia \u2013 genetick\u00e9 vy\u0161etrenie (DNA test)","_seopress_titles_desc":"M\u00e1te probl\u00e9my po mlie\u010dnych v\u00fdrobkoch? Zistite lakt\u00f3zov\u00fa intoleranciu pomocou genetick\u00e9ho testu a odha\u013ete pr\u00ed\u010dinu nafukovania, hna\u010dky \u010di bolesti brucha.","_seopress_robots_index":""},"product_brand":[],"product_cat":[29],"product_tag":[],"class_list":{"0":"post-2427","1":"product","2":"type-product","3":"status-publish","4":"has-post-thumbnail","6":"product_cat-potravinove-intolerancie-a-celiakia","8":"first","9":"instock","10":"shipping-taxable","11":"purchasable","12":"product-type-simple"},"_links":{"self":[{"href":"https:\/\/www.genexpress.sk\/eshop\/wp-json\/wp\/v2\/product\/2427","targetHints":{"allow":["GET"]}}],"collection":[{"href":"https:\/\/www.genexpress.sk\/eshop\/wp-json\/wp\/v2\/product"}],"about":[{"href":"https:\/\/www.genexpress.sk\/eshop\/wp-json\/wp\/v2\/types\/product"}],"wp:featuredmedia":[{"embeddable":true,"href":"https:\/\/www.genexpress.sk\/eshop\/wp-json\/wp\/v2\/media\/1414"}],"wp:attachment":[{"href":"https:\/\/www.genexpress.sk\/eshop\/wp-json\/wp\/v2\/media?parent=2427"}],"wp:term":[{"taxonomy":"product_brand","embeddable":true,"href":"https:\/\/www.genexpress.sk\/eshop\/wp-json\/wp\/v2\/product_brand?post=2427"},{"taxonomy":"product_cat","embeddable":true,"href":"https:\/\/www.genexpress.sk\/eshop\/wp-json\/wp\/v2\/product_cat?post=2427"},{"taxonomy":"product_tag","embeddable":true,"href":"https:\/\/www.genexpress.sk\/eshop\/wp-json\/wp\/v2\/product_tag?post=2427"}],"curies":[{"name":"wp","href":"https:\/\/api.w.org\/{rel}","templated":true}]}}