{"id":2429,"date":"2026-02-04T10:09:31","date_gmt":"2026-02-04T10:09:31","guid":{"rendered":"https:\/\/www.genexpress.sk\/eshop\/?post_type=product&#038;p=2429"},"modified":"2026-04-21T07:38:41","modified_gmt":"2026-04-21T07:38:41","slug":"fruktozova-intolerancia","status":"publish","type":"product","link":"https:\/\/www.genexpress.sk\/eshop\/produkt\/fruktozova-intolerancia\/","title":{"rendered":"Frukt\u00f3zov\u00e1 intolerancia"},"content":{"rendered":"","protected":false},"excerpt":{"rendered":"<p>Frukt\u00f3zov\u00e1 intolerancia je porucha tr\u00e1venia ovocn\u00e9ho cukru &#8211; frukt\u00f3zy, ktor\u00fd sa nach\u00e1dza v ovoc\u00ed, niektor\u00fdch druhoch zeleniny, mede a v sladen\u00fdch potravin\u00e1ch a n\u00e1pojoch. Frukt\u00f3zov\u00e1 intolerancia sa vyskytuje u 15-20% popul\u00e1cie.<\/p>\n","protected":false},"featured_media":1410,"template":"","meta":{"_seopress_robots_primary_cat":"none","_seopress_titles_title":"Frukt\u00f3zov\u00e1 intolerancia \u2013 genetick\u00e9 vy\u0161etrenie (DNA test)","_seopress_titles_desc":"Tr\u00e1pia v\u00e1s nafukovanie, hna\u010dky \u010di bolesti brucha po ovoc\u00ed? Zistite frukt\u00f3zov\u00fa intoleranciu pomocou genetick\u00e9ho testu a odha\u013ete pr\u00ed\u010dinu tr\u00e1viacich \u0165a\u017ekost\u00ed.","_seopress_robots_index":""},"product_brand":[],"product_cat":[29],"product_tag":[],"class_list":{"0":"post-2429","1":"product","2":"type-product","3":"status-publish","4":"has-post-thumbnail","6":"product_cat-potravinove-intolerancie-a-celiakia","8":"first","9":"instock","10":"shipping-taxable","11":"purchasable","12":"product-type-simple"},"_links":{"self":[{"href":"https:\/\/www.genexpress.sk\/eshop\/wp-json\/wp\/v2\/product\/2429","targetHints":{"allow":["GET"]}}],"collection":[{"href":"https:\/\/www.genexpress.sk\/eshop\/wp-json\/wp\/v2\/product"}],"about":[{"href":"https:\/\/www.genexpress.sk\/eshop\/wp-json\/wp\/v2\/types\/product"}],"wp:featuredmedia":[{"embeddable":true,"href":"https:\/\/www.genexpress.sk\/eshop\/wp-json\/wp\/v2\/media\/1410"}],"wp:attachment":[{"href":"https:\/\/www.genexpress.sk\/eshop\/wp-json\/wp\/v2\/media?parent=2429"}],"wp:term":[{"taxonomy":"product_brand","embeddable":true,"href":"https:\/\/www.genexpress.sk\/eshop\/wp-json\/wp\/v2\/product_brand?post=2429"},{"taxonomy":"product_cat","embeddable":true,"href":"https:\/\/www.genexpress.sk\/eshop\/wp-json\/wp\/v2\/product_cat?post=2429"},{"taxonomy":"product_tag","embeddable":true,"href":"https:\/\/www.genexpress.sk\/eshop\/wp-json\/wp\/v2\/product_tag?post=2429"}],"curies":[{"name":"wp","href":"https:\/\/api.w.org\/{rel}","templated":true}]}}