{"id":2430,"date":"2026-02-04T10:10:28","date_gmt":"2026-02-04T10:10:28","guid":{"rendered":"https:\/\/www.genexpress.sk\/eshop\/?post_type=product&#038;p=2430"},"modified":"2026-04-21T07:38:10","modified_gmt":"2026-04-21T07:38:10","slug":"histaminova-intolerancia","status":"publish","type":"product","link":"https:\/\/www.genexpress.sk\/eshop\/produkt\/histaminova-intolerancia\/","title":{"rendered":"Histam\u00ednov\u00e1 intolerancia"},"content":{"rendered":"","protected":false},"excerpt":{"rendered":"<p>Tr\u00e1pi v\u00e1s opakovan\u00e1 n\u00e1dcha, svrbenie, migr\u00e9ny, tr\u00e1viace \u0165a\u017ekosti \u010di nevysvetlite\u013en\u00e1 \u00fanava? M\u00f4\u017ee \u00eds\u0165 o histam\u00ednov\u00fa intoleranciu (HIT) \u2013 stav, pri ktorom telo nedok\u00e1\u017ee spracova\u0165 histam\u00edn. Genetick\u00e1 pr\u00ed\u010dina HIT spo\u010d\u00edva v\u00a0g\u00e9ne <em>AOC1<\/em>, ktor\u00fd riadi tvorbu diaminooxid\u00e1zy (DAO), k\u013e\u00fa\u010dov\u00e9ho enz\u00fdmu pri odb\u00faravan\u00ed histam\u00ednu.<\/p>\n","protected":false},"featured_media":1604,"template":"","meta":{"_seopress_robots_primary_cat":"none","_seopress_titles_title":"Histam\u00ednov\u00e1 intolerancia \u2013 genetick\u00e9 vy\u0161etrenie","_seopress_titles_desc":"M\u00e1te pr\u00edznaky histam\u00ednovej intolerancie? Zistite pr\u00ed\u010dinu pomocou DNA testu. Anal\u00fdza g\u00e9nu AOC1 (DAO) odhal\u00ed neschopnos\u0165 odb\u00farava\u0165 histam\u00edn, migr\u00e9ny, \u00fanavu aj tr\u00e1viace \u0165a\u017ekosti.","_seopress_robots_index":""},"product_brand":[],"product_cat":[29],"product_tag":[],"class_list":{"0":"post-2430","1":"product","2":"type-product","3":"status-publish","4":"has-post-thumbnail","6":"product_cat-potravinove-intolerancie-a-celiakia","8":"first","9":"instock","10":"shipping-taxable","11":"purchasable","12":"product-type-simple"},"_links":{"self":[{"href":"https:\/\/www.genexpress.sk\/eshop\/wp-json\/wp\/v2\/product\/2430","targetHints":{"allow":["GET"]}}],"collection":[{"href":"https:\/\/www.genexpress.sk\/eshop\/wp-json\/wp\/v2\/product"}],"about":[{"href":"https:\/\/www.genexpress.sk\/eshop\/wp-json\/wp\/v2\/types\/product"}],"wp:featuredmedia":[{"embeddable":true,"href":"https:\/\/www.genexpress.sk\/eshop\/wp-json\/wp\/v2\/media\/1604"}],"wp:attachment":[{"href":"https:\/\/www.genexpress.sk\/eshop\/wp-json\/wp\/v2\/media?parent=2430"}],"wp:term":[{"taxonomy":"product_brand","embeddable":true,"href":"https:\/\/www.genexpress.sk\/eshop\/wp-json\/wp\/v2\/product_brand?post=2430"},{"taxonomy":"product_cat","embeddable":true,"href":"https:\/\/www.genexpress.sk\/eshop\/wp-json\/wp\/v2\/product_cat?post=2430"},{"taxonomy":"product_tag","embeddable":true,"href":"https:\/\/www.genexpress.sk\/eshop\/wp-json\/wp\/v2\/product_tag?post=2430"}],"curies":[{"name":"wp","href":"https:\/\/api.w.org\/{rel}","templated":true}]}}