{"id":2432,"date":"2026-02-04T10:11:25","date_gmt":"2026-02-04T10:11:25","guid":{"rendered":"https:\/\/www.genexpress.sk\/eshop\/?post_type=product&#038;p=2432"},"modified":"2026-04-21T07:36:44","modified_gmt":"2026-04-21T07:36:44","slug":"urcenie-otcovstva-2-vzorky","status":"publish","type":"product","link":"https:\/\/www.genexpress.sk\/eshop\/produkt\/urcenie-otcovstva-2-vzorky\/","title":{"rendered":"Ur\u010denie otcovstva (2 vzorky)"},"content":{"rendered":"","protected":false},"excerpt":{"rendered":"<p>Ur\u010denie otcovstva je anonymn\u00e9 vy\u0161etrenie pre s\u00fakromn\u00e9 \u00fa\u010dely zalo\u017een\u00e9 na anal\u00fdze DNA, ktor\u00e9ho v\u00fdsledkom je preuk\u00e1zanie vz\u0165ahu biologick\u00fd otec \u2013 die\u0165a.<\/p>\n","protected":false},"featured_media":1435,"template":"","meta":{"_seopress_robots_primary_cat":"none","_seopress_titles_title":"Ur\u010denie otcovstva \u2013 DNA test (2 vzorky)","_seopress_titles_desc":"Spo\u013eahliv\u00e9 ur\u010denie otcovstva pomocou anal\u00fdzy DNA. Anonymn\u00e9 testovanie pre s\u00fakromn\u00e9 \u00fa\u010dely s presn\u00fdm potvrden\u00edm biologick\u00e9ho vz\u0165ahu otec \u2013 die\u0165a.","_seopress_robots_index":""},"product_brand":[],"product_cat":[40],"product_tag":[],"class_list":{"0":"post-2432","1":"product","2":"type-product","3":"status-publish","4":"has-post-thumbnail","6":"product_cat-urcenie-otcovstva","8":"first","9":"instock","10":"shipping-taxable","11":"purchasable","12":"product-type-simple"},"_links":{"self":[{"href":"https:\/\/www.genexpress.sk\/eshop\/wp-json\/wp\/v2\/product\/2432","targetHints":{"allow":["GET"]}}],"collection":[{"href":"https:\/\/www.genexpress.sk\/eshop\/wp-json\/wp\/v2\/product"}],"about":[{"href":"https:\/\/www.genexpress.sk\/eshop\/wp-json\/wp\/v2\/types\/product"}],"wp:featuredmedia":[{"embeddable":true,"href":"https:\/\/www.genexpress.sk\/eshop\/wp-json\/wp\/v2\/media\/1435"}],"wp:attachment":[{"href":"https:\/\/www.genexpress.sk\/eshop\/wp-json\/wp\/v2\/media?parent=2432"}],"wp:term":[{"taxonomy":"product_brand","embeddable":true,"href":"https:\/\/www.genexpress.sk\/eshop\/wp-json\/wp\/v2\/product_brand?post=2432"},{"taxonomy":"product_cat","embeddable":true,"href":"https:\/\/www.genexpress.sk\/eshop\/wp-json\/wp\/v2\/product_cat?post=2432"},{"taxonomy":"product_tag","embeddable":true,"href":"https:\/\/www.genexpress.sk\/eshop\/wp-json\/wp\/v2\/product_tag?post=2432"}],"curies":[{"name":"wp","href":"https:\/\/api.w.org\/{rel}","templated":true}]}}