{"id":2435,"date":"2026-02-04T10:13:39","date_gmt":"2026-02-04T10:13:39","guid":{"rendered":"https:\/\/www.genexpress.sk\/eshop\/?post_type=product&#038;p=2435"},"modified":"2026-04-21T07:35:15","modified_gmt":"2026-04-21T07:35:15","slug":"stanovenie-zygozity-dvojciat","status":"publish","type":"product","link":"https:\/\/www.genexpress.sk\/eshop\/produkt\/stanovenie-zygozity-dvojciat\/","title":{"rendered":"Stanovenie zygozity dvoj\u010diat"},"content":{"rendered":"","protected":false},"excerpt":{"rendered":"<p>Stanovenie zygozity dvoj\u010diat umo\u017e\u0148uje jednozna\u010dne zisti\u0165, \u010di s\u00fa dvoj\u010dat\u00e1 jednovaje\u010dn\u00e9 (monozygotn\u00e9), alebo dvojvaje\u010dn\u00e9 (dizygotn\u00e9).<\/p>\n","protected":false},"featured_media":1565,"template":"","meta":{"_seopress_robots_primary_cat":"none","_seopress_titles_title":"Stanovenie zygozity dvoj\u010diat \u2013 genetick\u00fd test","_seopress_titles_desc":"Zistite, \u010di s\u00fa dvoj\u010dat\u00e1 jednovaje\u010dn\u00e9 alebo dvojvaje\u010dn\u00e9. Presn\u00e9 genetick\u00e9 testovanie spo\u013eahlivo ur\u010d\u00ed zygozitu na z\u00e1klade anal\u00fdzy DNA.","_seopress_robots_index":""},"product_brand":[],"product_cat":[41],"product_tag":[],"class_list":{"0":"post-2435","1":"product","2":"type-product","3":"status-publish","4":"has-post-thumbnail","6":"product_cat-specialne-vysetrenia","8":"first","9":"instock","10":"shipping-taxable","11":"purchasable","12":"product-type-simple"},"_links":{"self":[{"href":"https:\/\/www.genexpress.sk\/eshop\/wp-json\/wp\/v2\/product\/2435","targetHints":{"allow":["GET"]}}],"collection":[{"href":"https:\/\/www.genexpress.sk\/eshop\/wp-json\/wp\/v2\/product"}],"about":[{"href":"https:\/\/www.genexpress.sk\/eshop\/wp-json\/wp\/v2\/types\/product"}],"wp:featuredmedia":[{"embeddable":true,"href":"https:\/\/www.genexpress.sk\/eshop\/wp-json\/wp\/v2\/media\/1565"}],"wp:attachment":[{"href":"https:\/\/www.genexpress.sk\/eshop\/wp-json\/wp\/v2\/media?parent=2435"}],"wp:term":[{"taxonomy":"product_brand","embeddable":true,"href":"https:\/\/www.genexpress.sk\/eshop\/wp-json\/wp\/v2\/product_brand?post=2435"},{"taxonomy":"product_cat","embeddable":true,"href":"https:\/\/www.genexpress.sk\/eshop\/wp-json\/wp\/v2\/product_cat?post=2435"},{"taxonomy":"product_tag","embeddable":true,"href":"https:\/\/www.genexpress.sk\/eshop\/wp-json\/wp\/v2\/product_tag?post=2435"}],"curies":[{"name":"wp","href":"https:\/\/api.w.org\/{rel}","templated":true}]}}