{"id":2436,"date":"2026-02-04T10:14:25","date_gmt":"2026-02-04T10:14:25","guid":{"rendered":"https:\/\/www.genexpress.sk\/eshop\/?post_type=product&#038;p=2436"},"modified":"2026-04-21T07:33:08","modified_gmt":"2026-04-21T07:33:08","slug":"cysticka-fibroza","status":"publish","type":"product","link":"https:\/\/www.genexpress.sk\/eshop\/produkt\/cysticka-fibroza\/","title":{"rendered":"Cystick\u00e1 fibr\u00f3za"},"content":{"rendered":"","protected":false},"excerpt":{"rendered":"<p>Cystick\u00e1 fibr\u00f3za je autozom\u00e1lne reces\u00edvne dedi\u010dn\u00e9 ochorenie, ktor\u00e9 vznik\u00e1 v d\u00f4sledku mut\u00e1ci\u00ed v g\u00e9ne <em>CFTR<\/em>. V\u00fdsledkom je chronick\u00e9 po\u0161kodenie p\u013e\u00fac, pankreasu a reproduk\u010dn\u00e9ho syst\u00e9mu.<\/p>\n","protected":false},"featured_media":1561,"template":"","meta":{"_seopress_robots_primary_cat":"none","_seopress_titles_title":"Cystick\u00e1 fibr\u00f3za \u2013 genetick\u00e9 vy\u0161etrenie CFTR","_seopress_titles_desc":"Zistite pr\u00edtomnos\u0165 mut\u00e1ci\u00ed v g\u00e9ne CFTR spojen\u00fdch s cystickou fibr\u00f3zou. Genetick\u00e9 vy\u0161etrenie odhal\u00ed riziko dedi\u010dn\u00e9ho ochorenia ovplyv\u0148uj\u00faceho p\u013e\u00faca, pankreas aj reproduk\u010dn\u00fd syst\u00e9m.","_seopress_robots_index":""},"product_brand":[],"product_cat":[42],"product_tag":[],"class_list":{"0":"post-2436","1":"product","2":"type-product","3":"status-publish","4":"has-post-thumbnail","6":"product_cat-ine-zriedkave-ochorenia","8":"first","9":"instock","10":"shipping-taxable","11":"purchasable","12":"product-type-simple"},"_links":{"self":[{"href":"https:\/\/www.genexpress.sk\/eshop\/wp-json\/wp\/v2\/product\/2436","targetHints":{"allow":["GET"]}}],"collection":[{"href":"https:\/\/www.genexpress.sk\/eshop\/wp-json\/wp\/v2\/product"}],"about":[{"href":"https:\/\/www.genexpress.sk\/eshop\/wp-json\/wp\/v2\/types\/product"}],"wp:featuredmedia":[{"embeddable":true,"href":"https:\/\/www.genexpress.sk\/eshop\/wp-json\/wp\/v2\/media\/1561"}],"wp:attachment":[{"href":"https:\/\/www.genexpress.sk\/eshop\/wp-json\/wp\/v2\/media?parent=2436"}],"wp:term":[{"taxonomy":"product_brand","embeddable":true,"href":"https:\/\/www.genexpress.sk\/eshop\/wp-json\/wp\/v2\/product_brand?post=2436"},{"taxonomy":"product_cat","embeddable":true,"href":"https:\/\/www.genexpress.sk\/eshop\/wp-json\/wp\/v2\/product_cat?post=2436"},{"taxonomy":"product_tag","embeddable":true,"href":"https:\/\/www.genexpress.sk\/eshop\/wp-json\/wp\/v2\/product_tag?post=2436"}],"curies":[{"name":"wp","href":"https:\/\/api.w.org\/{rel}","templated":true}]}}